{"id":928,"date":"2013-02-17T20:27:16","date_gmt":"2013-02-17T20:27:16","guid":{"rendered":"http:\/\/www.gazophylacium.org\/?page_id=928"},"modified":"2013-04-06T17:43:20","modified_gmt":"2013-04-06T17:43:20","slug":"aktion-2013","status":"publish","type":"page","link":"https:\/\/www.gazophylacium.org\/?page_id=928","title":{"rendered":"Aktion 2013"},"content":{"rendered":"<p>Die Aktion 2013 fand zwischen 13. Februar und 23. M\u00e4rz 2013 am Chor der Weizbergkirche statt und wurde bereits zum 4. Mal durchgef\u00fchrt.<br \/>\nDie Di\u00f6zese hat diese Aktion 2012 mit dem <a href=\"http:\/\/www.sonntagsblatt.at\/glaube\/glaube-heute?d=24-stunden-aussetzen\">Innovationspreis <\/a>(3. Platz) ausgezeichnet.<\/p>\n<p><em>Fr\u00fchere Aktionen: <a href=\"https:\/\/www.gazophylacium.org\/?page_id=405\">2012 (mit Video) <\/a>&#8211; <a href=\"https:\/\/www.gazophylacium.org\/?page_id=402\">2011 <\/a>&#8211; <a href=\"https:\/\/www.gazophylacium.org\/?page_id=63\">2010<\/a> (mit <a href=\"https:\/\/www.gazophylacium.org\/?page_id=63\">Video<\/a>)<\/em><br \/>\n<strong><\/strong><\/p>\n<p>Hier finden Sie weitere Informationen: <a href=\"https:\/\/www.gazophylacium.org\/wp-content\/uploads\/2011\/02\/Infoblatt-Teilnehmer2013.pdf\">Infoblatt-Teilnehmer 2013<\/a>.<\/p>\n<p><strong>Presseberichte:<\/strong><\/p>\n<p>Bericht in der<strong><a href=\"https:\/\/www.gazophylacium.org\/wp-content\/uploads\/2011\/02\/Zeltdach-KZ-12.1.2013.pdf\"> Kleinen Zeitung 12.1.2013<\/a><\/strong><br \/>\nBarbara Karlich lud die \u00e4lteste Teilnehmerin in die Sendung ein: <a href=\"https:\/\/www.gazophylacium.org\/?page_id=928\">hier &#8230;<br \/>\n<\/a>Beitrag auf &#8222;<a href=\"http:\/\/www.radiodauerwelle.at\/ShowArticle.aspx?id=817&amp;returl=%2findex.aspx\">Radio Dauerwelle<\/a>&#8220; (Hartberg) von Franz Bergmann<a href=\"https:\/\/www.gazophylacium.org\/?page_id=928\"><br \/>\n<\/a><\/p>\n<p>Berichte auf der Seite des Sonntagsblattes (http:\/\/www.sonntagsblatt.tv)<br \/>\n&#8211; <a href=\"http:\/\/www.sonntagsblatt.tv\/startseite?d=thomas-unterm-zeltdach-kirche-1\">Thomas<\/a><br \/>\n&#8211; <a href=\"http:\/\/www.sonntagsblatt.tv\/startseite?d=erfahrung-unterm-zeltdach-kirche\">Michaela<\/a><br \/>\n&#8211; <a href=\"http:\/\/www.sonntagsblatt.tv\/startseite?d=erfahrung-unterm-zeltdach-kirche-1\">Nicole<br \/>\n<\/a>&#8211; <a href=\"http:\/\/www.sonntagsblatt.tv\/startseite?d=zeltdach-kirche-zeit-fuer-sich\">Felix<\/a><a href=\"http:\/\/www.sonntagsblatt.tv\/startseite?d=erfahrung-unterm-zeltdach-kirche-1\"><br \/>\n<\/a>&#8211; <a href=\"http:\/\/www.sonntagsblatt.tv\/startseite?d=erfahrung-unterm-zeltdach-kirche-1\">Robert<br \/>\n<\/a>&#8211; <a href=\"http:\/\/www.sonntagsblatt.tv\/startseite?d=sonnenuntergang-neu-zeltdach-kirche\">Michael<\/a><br \/>\n&#8211; <a href=\"http:\/\/www.sonntagsblatt.tv\/startseite?d=kraft-tanken-unterm-zeltdach-kirche\">Franz<\/a><\/p>\n<p>&nbsp;<\/p>\n<p>&#8222;Zeltdach Kirche&#8220; am Aschermittwoch zu Gast bei Barbara Karlich<\/p>\n<p><iframe loading=\"lazy\" src=\"http:\/\/player.vimeo.com\/video\/59854461?title=0&amp;byline=0&amp;portrait=0&amp;autoplay=1\" frameborder=\"0\" width=\"600\" height=\"450\"><\/iframe><\/p>\n<p>Belegungsplan: (rot=belegt)<\/p>\n<p><a href=\"https:\/\/www.gazophylacium.org\/wp-content\/uploads\/2013\/03\/Belegungsplan2013.jpg\"><img loading=\"lazy\" decoding=\"async\" class=\"alignleft size-full wp-image-960\" title=\"Belegungsplan2013\" src=\"https:\/\/www.gazophylacium.org\/wp-content\/uploads\/2013\/03\/Belegungsplan2013.jpg\" alt=\"\" width=\"730\" height=\"1681\" \/><\/a><\/p>\n","protected":false},"excerpt":{"rendered":"<p>Die Aktion 2013 fand zwischen 13. Februar und 23. M\u00e4rz 2013 am Chor der Weizbergkirche statt und wurde bereits zum 4. Mal durchgef\u00fchrt. Die Di\u00f6zese hat diese Aktion 2012 mit dem Innovationspreis (3. Platz) ausgezeichnet. Fr\u00fchere Aktionen: 2012 (mit Video) &hellip; <a href=\"https:\/\/www.gazophylacium.org\/?page_id=928\">Weiterlesen <span class=\"meta-nav\">&rarr;<\/span><\/a><\/p>\n","protected":false},"author":1,"featured_media":0,"parent":17,"menu_order":0,"comment_status":"closed","ping_status":"closed","template":"","meta":{"footnotes":""},"class_list":["post-928","page","type-page","status-publish","hentry"],"_links":{"self":[{"href":"https:\/\/www.gazophylacium.org\/index.php?rest_route=\/wp\/v2\/pages\/928","targetHints":{"allow":["GET"]}}],"collection":[{"href":"https:\/\/www.gazophylacium.org\/index.php?rest_route=\/wp\/v2\/pages"}],"about":[{"href":"https:\/\/www.gazophylacium.org\/index.php?rest_route=\/wp\/v2\/types\/page"}],"author":[{"embeddable":true,"href":"https:\/\/www.gazophylacium.org\/index.php?rest_route=\/wp\/v2\/users\/1"}],"replies":[{"embeddable":true,"href":"https:\/\/www.gazophylacium.org\/index.php?rest_route=%2Fwp%2Fv2%2Fcomments&post=928"}],"version-history":[{"count":11,"href":"https:\/\/www.gazophylacium.org\/index.php?rest_route=\/wp\/v2\/pages\/928\/revisions"}],"predecessor-version":[{"id":993,"href":"https:\/\/www.gazophylacium.org\/index.php?rest_route=\/wp\/v2\/pages\/928\/revisions\/993"}],"up":[{"embeddable":true,"href":"https:\/\/www.gazophylacium.org\/index.php?rest_route=\/wp\/v2\/pages\/17"}],"wp:attachment":[{"href":"https:\/\/www.gazophylacium.org\/index.php?rest_route=%2Fwp%2Fv2%2Fmedia&parent=928"}],"curies":[{"name":"wp","href":"https:\/\/api.w.org\/{rel}","templated":true}]}}