{"id":877,"date":"2013-02-15T17:47:04","date_gmt":"2013-02-15T17:47:04","guid":{"rendered":"http:\/\/www.gazophylacium.org\/?page_id=877"},"modified":"2013-04-11T08:43:59","modified_gmt":"2013-04-11T08:43:59","slug":"verhullungsaktion","status":"publish","type":"page","link":"https:\/\/www.gazophylacium.org\/?page_id=877","title":{"rendered":"Verh\u00fcllungsaktion"},"content":{"rendered":"<p><a href=\"https:\/\/www.gazophylacium.org\/wp-content\/uploads\/2013\/02\/Logo_Mein-rechter-Platz-ist.gif\"><img loading=\"lazy\" decoding=\"async\" class=\"alignleft size-full wp-image-890\" title=\"Logo_Mein-rechter-Platz-ist\" src=\"https:\/\/www.gazophylacium.org\/wp-content\/uploads\/2013\/02\/Logo_Mein-rechter-Platz-ist.gif\" alt=\"\" width=\"2688\" height=\"400\" srcset=\"https:\/\/www.gazophylacium.org\/wp-content\/uploads\/2013\/02\/Logo_Mein-rechter-Platz-ist.gif 2688w, https:\/\/www.gazophylacium.org\/wp-content\/uploads\/2013\/02\/Logo_Mein-rechter-Platz-ist-300x44.gif 300w, https:\/\/www.gazophylacium.org\/wp-content\/uploads\/2013\/02\/Logo_Mein-rechter-Platz-ist-1024x152.gif 1024w\" sizes=\"auto, (max-width: 2688px) 100vw, 2688px\" \/><\/a><\/p>\n<p><strong>Im ganzen Land werden in der Fastenzeit Glaubenszeichen verh\u00fcllt. Dies war Ansto\u00df f\u00fcr eine \u00f6kumenische Verh\u00fcllungsaktion in der Stadt Weiz (Stmk.) unter dem Motto <em>&#8222;!Mein rechter Platz ist frei&#8220;<\/em>.<\/strong><\/p>\n<p>Ein <a href=\"http:\/\/www.sonntagsblatt.tv\/startseite?d=verhuellte-kirchenbaenke\">Interview<\/a> mit Brigitte Luschnig und Robert Pretterhofer.<\/p>\n<p>Die Enth\u00fcllung<\/p>\n<p><a href=\"https:\/\/www.gazophylacium.org\/wp-content\/uploads\/2013\/02\/entuellung-weizberg.gif\"><img loading=\"lazy\" decoding=\"async\" class=\"alignleft size-full wp-image-1006\" title=\"entuellung-weizberg\" src=\"https:\/\/www.gazophylacium.org\/wp-content\/uploads\/2013\/02\/entuellung-weizberg.gif\" alt=\"\" width=\"454\" height=\"340\" srcset=\"https:\/\/www.gazophylacium.org\/wp-content\/uploads\/2013\/02\/entuellung-weizberg.gif 454w, https:\/\/www.gazophylacium.org\/wp-content\/uploads\/2013\/02\/entuellung-weizberg-300x224.gif 300w, https:\/\/www.gazophylacium.org\/wp-content\/uploads\/2013\/02\/entuellung-weizberg-160x120.gif 160w\" sizes=\"auto, (max-width: 454px) 100vw, 454px\" \/><\/a><\/p>\n<p>&nbsp;<\/p>\n<p>&nbsp;<\/p>\n<p>&nbsp;<\/p>\n<p>&nbsp;<\/p>\n<p>&nbsp;<\/p>\n<p>&nbsp;<\/p>\n<p>&nbsp;<\/p>\n<p>&nbsp;<\/p>\n<p>Bei der Speisensegnung am Karsamstag wurde die Kirchenbank vom Stoff befreit. Auch MMag. Hermanm Miklas (evg. Kirche) war anwesend.<\/p>\n<p><a href=\"https:\/\/www.gazophylacium.org\/wp-content\/uploads\/2013\/02\/veruellung-evg-kirche.gif\"><img loading=\"lazy\" decoding=\"async\" class=\"alignleft size-full wp-image-1007\" title=\"veruellung-evg-kirche\" src=\"https:\/\/www.gazophylacium.org\/wp-content\/uploads\/2013\/02\/veruellung-evg-kirche.gif\" alt=\"\" width=\"454\" height=\"340\" srcset=\"https:\/\/www.gazophylacium.org\/wp-content\/uploads\/2013\/02\/veruellung-evg-kirche.gif 454w, https:\/\/www.gazophylacium.org\/wp-content\/uploads\/2013\/02\/veruellung-evg-kirche-300x224.gif 300w, https:\/\/www.gazophylacium.org\/wp-content\/uploads\/2013\/02\/veruellung-evg-kirche-160x120.gif 160w\" sizes=\"auto, (max-width: 454px) 100vw, 454px\" \/><\/a><\/p>\n<p>&nbsp;<\/p>\n<p>&nbsp;<\/p>\n<p>&nbsp;<\/p>\n<p>&nbsp;<\/p>\n<p>&nbsp;<\/p>\n<p>&nbsp;<\/p>\n<p>&nbsp;<\/p>\n<p>&nbsp;<\/p>\n<p>Feierliche Enth\u00fcllung der Kirchenbank in der Evg. Kirche und Beisein von Vertreter\/-innen der Kath. Pfarrgemeinde.<\/p>\n<p>Ab Aschermittwoch wurden in der katholischen und evangelischen Kirche je eine Sitzreihe verh\u00fcllt. <em>(beide Fotos von Karl Stockner)<\/em><\/p>\n<p><a href=\"https:\/\/www.gazophylacium.org\/wp-content\/uploads\/2013\/02\/Verh\u00fcllung_evg-Kirche.gif\"><img loading=\"lazy\" decoding=\"async\" class=\"alignleft size-full wp-image-916\" title=\"Verh\u00fcllung_evg-Kirche\" src=\"https:\/\/www.gazophylacium.org\/wp-content\/uploads\/2013\/02\/Verh\u00fcllung_evg-Kirche.gif\" alt=\"\" width=\"461\" height=\"307\" srcset=\"https:\/\/www.gazophylacium.org\/wp-content\/uploads\/2013\/02\/Verh\u00fcllung_evg-Kirche.gif 461w, https:\/\/www.gazophylacium.org\/wp-content\/uploads\/2013\/02\/Verh\u00fcllung_evg-Kirche-300x199.gif 300w, https:\/\/www.gazophylacium.org\/wp-content\/uploads\/2013\/02\/Verh\u00fcllung_evg-Kirche-120x80.gif 120w\" sizes=\"auto, (max-width: 461px) 100vw, 461px\" \/><\/a><\/p>\n<p>&nbsp;<\/p>\n<p>&nbsp;<\/p>\n<p>&nbsp;<\/p>\n<p>&nbsp;<\/p>\n<p>&nbsp;<\/p>\n<p>&nbsp;<\/p>\n<p>&nbsp;<\/p>\n<p>Beim Karfreitagsgottesdienst um 15 Uhr in der evangelischen Kirche erfolgt die Enth\u00fcllung und katholische Christen\/Christinnen nehmen Platz und feiern mit.<\/p>\n<p><a href=\"https:\/\/www.gazophylacium.org\/wp-content\/uploads\/2013\/02\/Verh\u00fcllung-Weizberg.gif\"><img loading=\"lazy\" decoding=\"async\" class=\"alignleft size-full wp-image-917\" title=\"Verh\u00fcllung-Weizberg\" src=\"https:\/\/www.gazophylacium.org\/wp-content\/uploads\/2013\/02\/Verh\u00fcllung-Weizberg.gif\" alt=\"\" width=\"461\" height=\"307\" srcset=\"https:\/\/www.gazophylacium.org\/wp-content\/uploads\/2013\/02\/Verh\u00fcllung-Weizberg.gif 461w, https:\/\/www.gazophylacium.org\/wp-content\/uploads\/2013\/02\/Verh\u00fcllung-Weizberg-300x199.gif 300w, https:\/\/www.gazophylacium.org\/wp-content\/uploads\/2013\/02\/Verh\u00fcllung-Weizberg-120x80.gif 120w\" sizes=\"auto, (max-width: 461px) 100vw, 461px\" \/><\/a><\/p>\n<p>&nbsp;<\/p>\n<p>&nbsp;<\/p>\n<p>&nbsp;<\/p>\n<p>&nbsp;<\/p>\n<p>&nbsp;<\/p>\n<p>&nbsp;<\/p>\n<p>&nbsp;<\/p>\n<p>Am Karsamstag bei der Speisensegnung um 16 Uhr in der katholischen Kirche werden nach der Befreiung vom Stoff evangelische Christen\/Christinnen ebenfalls Platz nehmen und mitfeiern.<\/p>\n<p><iframe loading=\"lazy\" src=\"http:\/\/player.vimeo.com\/video\/61696880?title=0&amp;byline=0&amp;portrait=0&amp;autoplay=1\" frameborder=\"0\" width=\"600\" height=\"450\"><\/iframe><\/p>\n<p><strong>Melden sie sich einfach, wenn sie bei der Enth\u00fcllung Platz nehmen und mitfeiern m\u00f6chten!<\/strong><\/p>\n<p>Bericht in der Woche am 21.3.2013, S.3<\/p>\n<p><a href=\"https:\/\/www.gazophylacium.org\/wp-content\/uploads\/2013\/02\/Seite3_Woche21.3.2013.jpg\"><img loading=\"lazy\" decoding=\"async\" class=\"alignleft size-large wp-image-973\" title=\"Seite3_Woche21.3.2013\" src=\"https:\/\/www.gazophylacium.org\/wp-content\/uploads\/2013\/02\/Seite3_Woche21.3.2013-936x1024.jpg\" alt=\"\" width=\"640\" height=\"700\" srcset=\"https:\/\/www.gazophylacium.org\/wp-content\/uploads\/2013\/02\/Seite3_Woche21.3.2013-936x1024.jpg 936w, https:\/\/www.gazophylacium.org\/wp-content\/uploads\/2013\/02\/Seite3_Woche21.3.2013-274x300.jpg 274w, https:\/\/www.gazophylacium.org\/wp-content\/uploads\/2013\/02\/Seite3_Woche21.3.2013.jpg 1226w\" sizes=\"auto, (max-width: 640px) 100vw, 640px\" \/><\/a><\/p>\n<h1>Gedankenanst\u00f6\u00dfe<\/h1>\n<div>\n<ul>\n<li>Wie nehme ich mein Gegen\u00fcber wahr?<\/li>\n<li>Wie verhalte ich mich Ausgetretenen gegen\u00fcber?<\/li>\n<li>Wer\/was hat in unserer Gesellschaft keinen Platz mehr?<\/li>\n<li>F\u00fcr wen halten wir einen Platz frei?<\/li>\n<li>Wie steht es um die \u00f6kumenische Gastfreundschaft?<\/li>\n<li>Wem\/welchen Dingen wollen wir in Zukunft mehr Platz geben?<\/li>\n<\/ul>\n<\/div>\n<p>&#8222;Aufgabe der Literatur ist es Unsichtbares sichtbar zu machen.&#8220; <em>(Robert Schindel)<\/em><br \/>\nDas Wort &#8222;Text&#8220;<strong><\/strong> (von lat. <em>texere<\/em> = weben\/flechten) bezeichnet eine abgegrenzte, zusammenh\u00e4ngende, meist schriftliche sprachliche \u00c4u\u00dferung. Im analogen Sinn k\u00f6nnte hier das Gewebte\/ der Stoff die Aufgabe der Literatur erf\u00fcllen. Es kann etwas aufgedeckt, entdeckt, sichtbar gemacht werden.<\/p>\n<p><strong>Ein St\u00fcck Stoff<\/strong><br \/>\n<strong>und schon ver\u00e4ndert sich so Manches<\/strong><br \/>\n<strong>Banales wird elegant<\/strong><br \/>\n<strong>Nacktes wird bekleidet<\/strong><br \/>\n<strong>Unscheinbares wird sichtbar<\/strong><br \/>\n<strong>Gewohntes wird der Allt\u00e4glichkeit beraubt<\/strong><br \/>\n<strong>Verborgenes kann offenbar werden<\/strong><br \/>\n<strong>Verletzbares wird besch\u00fctzt<\/strong><br \/>\n<strong>Hartes wird weich gemacht<\/strong><br \/>\n<strong>\u00c4u\u00dferliches verweist auf Innerstes<br \/>\n&#8230; so oder so \u00e4hnlich ist auch mit dem Geflochtenen,<br \/>\ndas \u00fcber den Kirchenb\u00e4nken in den beiden Kirchen in Weiz gebreitet liegt<\/strong><br \/>\n<em>(Robert Pretterhofer)<\/em><\/p>\n","protected":false},"excerpt":{"rendered":"<p>Im ganzen Land werden in der Fastenzeit Glaubenszeichen verh\u00fcllt. Dies war Ansto\u00df f\u00fcr eine \u00f6kumenische Verh\u00fcllungsaktion in der Stadt Weiz (Stmk.) unter dem Motto &#8222;!Mein rechter Platz ist frei&#8220;. Ein Interview mit Brigitte Luschnig und Robert Pretterhofer. Die Enth\u00fcllung &nbsp; &hellip; <a href=\"https:\/\/www.gazophylacium.org\/?page_id=877\">Weiterlesen <span class=\"meta-nav\">&rarr;<\/span><\/a><\/p>\n","protected":false},"author":1,"featured_media":0,"parent":860,"menu_order":0,"comment_status":"closed","ping_status":"closed","template":"","meta":{"footnotes":""},"class_list":["post-877","page","type-page","status-publish","hentry"],"_links":{"self":[{"href":"https:\/\/www.gazophylacium.org\/index.php?rest_route=\/wp\/v2\/pages\/877","targetHints":{"allow":["GET"]}}],"collection":[{"href":"https:\/\/www.gazophylacium.org\/index.php?rest_route=\/wp\/v2\/pages"}],"about":[{"href":"https:\/\/www.gazophylacium.org\/index.php?rest_route=\/wp\/v2\/types\/page"}],"author":[{"embeddable":true,"href":"https:\/\/www.gazophylacium.org\/index.php?rest_route=\/wp\/v2\/users\/1"}],"replies":[{"embeddable":true,"href":"https:\/\/www.gazophylacium.org\/index.php?rest_route=%2Fwp%2Fv2%2Fcomments&post=877"}],"version-history":[{"count":24,"href":"https:\/\/www.gazophylacium.org\/index.php?rest_route=\/wp\/v2\/pages\/877\/revisions"}],"predecessor-version":[{"id":1010,"href":"https:\/\/www.gazophylacium.org\/index.php?rest_route=\/wp\/v2\/pages\/877\/revisions\/1010"}],"up":[{"embeddable":true,"href":"https:\/\/www.gazophylacium.org\/index.php?rest_route=\/wp\/v2\/pages\/860"}],"wp:attachment":[{"href":"https:\/\/www.gazophylacium.org\/index.php?rest_route=%2Fwp%2Fv2%2Fmedia&parent=877"}],"curies":[{"name":"wp","href":"https:\/\/api.w.org\/{rel}","templated":true}]}}