{"id":2559,"date":"2024-07-05T17:54:59","date_gmt":"2024-07-05T17:54:59","guid":{"rendered":"https:\/\/www.gazophylacium.org\/?page_id=2559"},"modified":"2024-07-05T17:57:39","modified_gmt":"2024-07-05T17:57:39","slug":"abschlussfeier-2024","status":"publish","type":"page","link":"https:\/\/www.gazophylacium.org\/?page_id=2559","title":{"rendered":"Abschlussfeier mit religi\u00f6sen Elementen 2024"},"content":{"rendered":"\n<div class=\"entry-content\">\n<p>Kreuzzeichen \u2013 Gebet \u2013 Anpfiff<\/p>\n<p>\u201eGottes Gande und Treue ist jeden Morgen frisch und neu.<br \/>Ich brauche mich nicht um Gott zu sorgen.<br \/>Ich kann mich gelassen auf meine N\u00e4chsten und die Welt einlassen.\u201c<br \/>nach E. J\u00fcngel, evg. Theologe<\/p>\n<p>Lied: Wheels (Foofighters)<\/p>\n<p>Einleitung: Schuljahr als Spiel, Zutaten vom Beginn des Jahres<\/p>\n<p>Zauberworte\/ Humor\/ Gemeinschaft\/ Akzeptanz\/ Fairness\/ Disziplin\/ Entwicklung<br \/>(vgl. Er\u00f6ffnungsgottesdienst 2023)<\/p>\n<p>Lied: Never walk alone (1945; Hymne von FC Liverpool) in der <a href=\"https:\/\/youtu.be\/WTVXyRGju3k\">Version <\/a>der \u201eToten Hosen\u201c<\/p>\n<p>Helena beginnt die F\u00fcrbitten &gt;&gt;VAR Unterbrechung\/ Bildschirm\/ Foul im Ablauf &gt;&gt;gelbe Karte<\/p>\n<p>Bibelstelle Ps 23: Henrike<\/p>\n<p>1 Ein Psalm Davids. Der HERR ist mein Hirt, nichts wird mir fehlen.\u20022 Er l\u00e4sst mich lagern auf gr\u00fcnen Auen und f\u00fchrt mich zum Ruheplatz am Wasser.\u20023 Meine Lebenskraft bringt er zur\u00fcck. \/ Er f\u00fchrt mich auf Pfaden der Gerechtigkeit, getreu seinem Namen.\u20024 Auch wenn ich gehe im finsteren Tal, ich f\u00fcrchte kein Unheil; denn du bist bei mir, dein Stock und dein Stab, sie tr\u00f6sten mich.\u20025 Du deckst mir den Tisch vor den Augen meiner Feinde. Du hast mein Haupt mit \u00d6l gesalbt, \u00fcbervoll ist mein Becher.\u20026 Ja, G\u00fcte und Huld werden mir folgen mein Leben lang \/ und heimkehren werde ich ins Haus des HERRN f\u00fcr lange Zeiten.\u2002<\/p>\n<p>Lied: A little conversation (E. Presley) \u2013 procrastination (Hinausschieben von etwas), ins Handeln kommen<\/p>\n<p>F\u00fcrbitten:<\/p>\n<ol>\n<li>Teamgeist<br \/>Will eine Mannschaft erfolgreich sein, kommt es auf den rechten Teamgeist an: Wenn Spieler sich gegenseitig anfeuern, f\u00fcr den anderen rennen und nicht nur sich selbst in den Mittelpunkt r\u00fccken, wenn sie Erfolge und Niederlagen gemeinsam tragen, k\u00f6nnen sie ihr fu\u00dfballerisches Talent unter Beweis stellen.<br \/>Ich w\u00fcnsche dir ein Team, das dich tr\u00e4gt, aufbaut und an dich glaubt.<\/li>\n<li>Spielregeln<br \/>Agiert ein Spieler unsportlich, bekommt er die gelbe und wom\u00f6glich auch die rote Karte, bevor er schlie\u00dflich das Spielfeld verlassen muss. Auch im menschlichen Zusammenleben gibt es Spielregeln, die einen wertsch\u00e4tzenden Umgang mit dem Gegen\u00fcber, Loyalit\u00e4t, Aufrichtigkeit und Toleranz erm\u00f6glichen.<br \/>Ich w\u00fcnsche dir ein umsichtiges und faires Miteinander.<\/li>\n<li>Begeisterung<br \/>Fu\u00dfball verbindet Menschen vieler Nationen und Kulturen. Begeisterte Spieler und Zuseher aus aller Welt lassen sich von der Dynamik des Spiels mitrei\u00dfen und durchleben in 90 Minuten eine Gef\u00fchlspalette von tieftraurig bis himmelhochjauchzend.<br \/>Ich w\u00fcnsche dir Begeisterung f\u00fcr deine Visionen und Ziele.<\/li>\n<li>Ausdauer\/Disziplin<br \/>Kontrahenten stellen sich dem Spieler in den Weg. Will er zum Ziel kommen, muss er Hindernisse \u00fcberwinden und mit Ausdauer und Kreativit\u00e4t immer wieder neu den Vorsto\u00df wagen.<br \/>Ich w\u00fcnsche dir, dass du die Hindernisse, die sich dir in den Weg stellen, als Herausforderungen wahrnimmst und sie erfolgreich umdribbelst.<\/li>\n<li>Jubel<br \/>Ein \u00fcberraschender Trick, ein Tor \u2013 und Jubel schallt den Spielern entgegen. Jubel befl\u00fcgelt, gibt neue Kraft und l\u00e4sst Spieler an sich glauben.<br \/>Ich w\u00fcnsche dir aufrichtige Anerkennung, die dich ermutigt und weiterbringt.<\/li>\n<\/ol>\n<p>Segensgebet:<\/p>\n<p>Egal, was wir tun,<br \/>egal, wo wir sind,<br \/>egal, ob wir gewinnen oder verlieren,<br \/>egal, ob wir uns \u00fcber vergebene Torchancen \u00e4rgern, oder im Stadion vor Freude jubeln,<br \/>egal, ob es um die Gebietsliga, die Bundesliga oder die EM geht \u2013 <br \/>Gott ist im Spiel. Immer.<\/p>\n<p>Lied: An Tagen wie diesen (Toten Hosen)<\/p>\n<p>\u00a0<\/p>\n<p>Bekanntgabe der Aufstellung (Sch\u00fcler stellen sich bei ihrem Nachbarn vor, Vorstellung der Band<br \/>Gru\u00dfwort des Direktors<\/p>\n<p>Tafel +3\u2018 Verl\u00e4ngerung<\/p>\n<p>Abschlusslied: Ab in den S\u00fcden<\/p>\n<\/div>\n","protected":false},"excerpt":{"rendered":"<p>Kreuzzeichen \u2013 Gebet \u2013 Anpfiff \u201eGottes Gande und Treue ist jeden Morgen frisch und neu.Ich brauche mich nicht um Gott zu sorgen.Ich kann mich gelassen auf meine N\u00e4chsten und die Welt einlassen.\u201cnach E. J\u00fcngel, evg. Theologe Lied: Wheels (Foofighters) Einleitung: &hellip; <a href=\"https:\/\/www.gazophylacium.org\/?page_id=2559\">Weiterlesen <span class=\"meta-nav\">&rarr;<\/span><\/a><\/p>\n","protected":false},"author":1,"featured_media":0,"parent":1254,"menu_order":0,"comment_status":"closed","ping_status":"closed","template":"","meta":{"footnotes":""},"class_list":["post-2559","page","type-page","status-publish","hentry"],"_links":{"self":[{"href":"https:\/\/www.gazophylacium.org\/index.php?rest_route=\/wp\/v2\/pages\/2559","targetHints":{"allow":["GET"]}}],"collection":[{"href":"https:\/\/www.gazophylacium.org\/index.php?rest_route=\/wp\/v2\/pages"}],"about":[{"href":"https:\/\/www.gazophylacium.org\/index.php?rest_route=\/wp\/v2\/types\/page"}],"author":[{"embeddable":true,"href":"https:\/\/www.gazophylacium.org\/index.php?rest_route=\/wp\/v2\/users\/1"}],"replies":[{"embeddable":true,"href":"https:\/\/www.gazophylacium.org\/index.php?rest_route=%2Fwp%2Fv2%2Fcomments&post=2559"}],"version-history":[{"count":3,"href":"https:\/\/www.gazophylacium.org\/index.php?rest_route=\/wp\/v2\/pages\/2559\/revisions"}],"predecessor-version":[{"id":2564,"href":"https:\/\/www.gazophylacium.org\/index.php?rest_route=\/wp\/v2\/pages\/2559\/revisions\/2564"}],"up":[{"embeddable":true,"href":"https:\/\/www.gazophylacium.org\/index.php?rest_route=\/wp\/v2\/pages\/1254"}],"wp:attachment":[{"href":"https:\/\/www.gazophylacium.org\/index.php?rest_route=%2Fwp%2Fv2%2Fmedia&parent=2559"}],"curies":[{"name":"wp","href":"https:\/\/api.w.org\/{rel}","templated":true}]}}