{"id":2233,"date":"2022-09-14T09:36:30","date_gmt":"2022-09-14T09:36:30","guid":{"rendered":"http:\/\/www.gazophylacium.org\/?page_id=2233"},"modified":"2022-09-14T10:07:58","modified_gmt":"2022-09-14T10:07:58","slug":"eroeffnungsgottesdienst-2022","status":"publish","type":"page","link":"https:\/\/www.gazophylacium.org\/?page_id=2233","title":{"rendered":"Er\u00f6ffnungsgottesdienst 2022"},"content":{"rendered":"\n<p>Einstimmung: Panfl\u00f6te<\/p>\n\n\n\n<p>Begr\u00fc\u00dfung<\/p>\n\n\n\n<p>Lied: <a href=\"https:\/\/youtu.be\/Sb6oPPR8kDs\">Sie wissen all\u2018s besser<\/a> (STS)<\/p>\n\n\n\n<p>Einf\u00fchrung (Thomas und Robert)<\/p>\n\n\n\n<p>Physikalische Gesetzm\u00e4\u00dfigkeit anhand des Newtonpendels (<a href=\"https:\/\/de.wikipedia.org\/wiki\/Kugelsto%C3%9Fpendel\">Kugelsto\u00dfpendels<\/a>)<\/p>\n\n\n\n<p>Umlegung auf die Schule: <a href=\"https:\/\/de.wikipedia.org\/wiki\/Kugelsto%C3%9Fpendel#\/media\/Datei:Newtons_cradle_animation_book_2.gif\">Eindr\u00fccke <\/a>&#8211;  neue Schule, Werkst\u00e4tte, Geruch, Orientierung, Lerngruppe etc.<\/p>\n\n\n\n<p>Reaktion &#8211; Freude, Spannung, Sorge, defensiv, Angst, Aggression \u2026.<\/p>\n\n\n\n<p>Muss das so sein? Neben den biologischen Gesetzm\u00e4\u00dfigkeiten (Adrenalin usw.) bleibt noch ein Freiraum.<\/p>\n\n\n\n<p>Zitat von V. Frankl: &#8222;Between stimulus and response there is a <strong>space<\/strong>. In that space is our <strong>power <\/strong>to choose our response. In our response lies our <strong>growth <\/strong>and our <strong>freedom<\/strong>.&#8220;<\/p>\n\n\n\n<p>Was hei\u00dft das? Raum f\u00fcr Freiheit, Hoffnung, Zuversicht, Geduld, Humor, Vertrauen \u2026. Wir k\u00f6nnen auch anders.<\/p>\n\n\n\n<p>Lied: Weisheit des \u201e<a href=\"https:\/\/youtu.be\/gCQ3LM8RmFo\">Gro\u00dfvaters<\/a>\u201c (STS); unerwartete Reaktionen (Enkel, Ehefrau, Krieg &#8230;)<\/p>\n\n\n\n<p>Weisheit Jesu: <a href=\"https:\/\/www.bibleserver.com\/EU\/Markus4\">Mk 4,35-41<\/a> (parallel: <a href=\"https:\/\/www.bibleserver.com\/EU\/Matth%C3%A4us8\">Mt 8,18-23<\/a>; <a href=\"https:\/\/www.bibleserver.com\/EU\/Lukas8\">Lk 8,22-25<\/a>)<\/p>\n\n\n\n<p>Predigt<\/p>\n\n\n\n<p>F\u00fcrbitten<\/p>\n\n\n\n<p>Vater unser<\/p>\n\n\n\n<p>Text &#8222;Ausdauern&#8220; (in denken&amp;glauben S. <\/p>\n\n\n\n<p>Lied: <a href=\"https:\/\/youtu.be\/L2J7PLR_Wjs\">Jeder Tag z\u00e4hlt<\/a> (STS)<\/p>\n\n\n\n<p>Zum Auszug: Panfl\u00f6te<\/p>\n\n\n\n<p>Beim Ausgang wir der Text von V. Frankl auf einem Memo ausgeteilt.<\/p>\n\n\n\n<figure class=\"wp-block-image size-large\"><a href=\"https:\/\/www.gazophylacium.org\/wp-content\/uploads\/2022\/09\/Space_Frankl-scaled.jpg\"><img loading=\"lazy\" decoding=\"async\" width=\"1024\" height=\"728\" src=\"https:\/\/www.gazophylacium.org\/wp-content\/uploads\/2022\/09\/Space_Frankl-1024x728.jpg\" alt=\"\" class=\"wp-image-2231\" srcset=\"https:\/\/www.gazophylacium.org\/wp-content\/uploads\/2022\/09\/Space_Frankl-1024x728.jpg 1024w, https:\/\/www.gazophylacium.org\/wp-content\/uploads\/2022\/09\/Space_Frankl-300x213.jpg 300w, https:\/\/www.gazophylacium.org\/wp-content\/uploads\/2022\/09\/Space_Frankl-768x546.jpg 768w, https:\/\/www.gazophylacium.org\/wp-content\/uploads\/2022\/09\/Space_Frankl-1536x1092.jpg 1536w, https:\/\/www.gazophylacium.org\/wp-content\/uploads\/2022\/09\/Space_Frankl-2048x1456.jpg 2048w\" sizes=\"auto, (max-width: 1024px) 100vw, 1024px\" \/><\/a><\/figure>\n","protected":false},"excerpt":{"rendered":"<p>Einstimmung: Panfl\u00f6te Begr\u00fc\u00dfung Lied: Sie wissen all\u2018s besser (STS) Einf\u00fchrung (Thomas und Robert) Physikalische Gesetzm\u00e4\u00dfigkeit anhand des Newtonpendels (Kugelsto\u00dfpendels) Umlegung auf die Schule: Eindr\u00fccke &#8211; neue Schule, Werkst\u00e4tte, Geruch, Orientierung, Lerngruppe etc. Reaktion &#8211; Freude, Spannung, Sorge, defensiv, Angst, Aggression &hellip; <a href=\"https:\/\/www.gazophylacium.org\/?page_id=2233\">Weiterlesen <span class=\"meta-nav\">&rarr;<\/span><\/a><\/p>\n","protected":false},"author":1,"featured_media":0,"parent":0,"menu_order":0,"comment_status":"closed","ping_status":"closed","template":"","meta":{"footnotes":""},"class_list":["post-2233","page","type-page","status-publish","hentry"],"_links":{"self":[{"href":"https:\/\/www.gazophylacium.org\/index.php?rest_route=\/wp\/v2\/pages\/2233","targetHints":{"allow":["GET"]}}],"collection":[{"href":"https:\/\/www.gazophylacium.org\/index.php?rest_route=\/wp\/v2\/pages"}],"about":[{"href":"https:\/\/www.gazophylacium.org\/index.php?rest_route=\/wp\/v2\/types\/page"}],"author":[{"embeddable":true,"href":"https:\/\/www.gazophylacium.org\/index.php?rest_route=\/wp\/v2\/users\/1"}],"replies":[{"embeddable":true,"href":"https:\/\/www.gazophylacium.org\/index.php?rest_route=%2Fwp%2Fv2%2Fcomments&post=2233"}],"version-history":[{"count":2,"href":"https:\/\/www.gazophylacium.org\/index.php?rest_route=\/wp\/v2\/pages\/2233\/revisions"}],"predecessor-version":[{"id":2236,"href":"https:\/\/www.gazophylacium.org\/index.php?rest_route=\/wp\/v2\/pages\/2233\/revisions\/2236"}],"wp:attachment":[{"href":"https:\/\/www.gazophylacium.org\/index.php?rest_route=%2Fwp%2Fv2%2Fmedia&parent=2233"}],"curies":[{"name":"wp","href":"https:\/\/api.w.org\/{rel}","templated":true}]}}