{"id":2226,"date":"2022-07-08T17:53:26","date_gmt":"2022-07-08T17:53:26","guid":{"rendered":"http:\/\/www.gazophylacium.org\/?page_id=2226"},"modified":"2022-07-08T17:53:26","modified_gmt":"2022-07-08T17:53:26","slug":"abschlussfeier-2022","status":"publish","type":"page","link":"https:\/\/www.gazophylacium.org\/?page_id=2226","title":{"rendered":"Abschlussfeier 2022"},"content":{"rendered":"\n<p>Am 7. Juli 2022 fand die Abschlussfeier mit religi\u00f6sen Elementen statt. Die Lieder wurden von der Schulband gecovert und live gespielt.<\/p>\n<p>Lied: Come together (Beatles)<\/p>\n<p>Begr\u00fc\u00dfung \u2013 Thema: ZEIT (Robert)<\/p>\n<p>Vorstellen von \u201eCHRONOS\u201c \u2013\u00a0 Toni <a href=\"http:\/\/vignette2.wikia.nocookie.net\/mitho\/images\/7\/79\/Chronos_oeuvre_grand1-1-.jpg\/revision\/latest?cb=20131015234914&amp;path-prefix=pt-br\">Bild<\/a><\/p>\n<p>Ein paar Ausz\u00fcge aus der Schulchronik (Jahresbericht): Robert<\/p>\n<p>Lied: Hey brother (Avici)<\/p>\n<p>Vorstellen \u201eKAIROS\u201c (Toni) <a href=\"https:\/\/deacademic.com\/pictures\/dewiki\/70\/Francesco_Salviati_005-contrast-detail.jpg\">Bild<\/a><\/p>\n<p><a href=\"https:\/\/deacademic.com\/pictures\/dewiki\/70\/Francesco_Salviati_005-contrast-detail.jpg\">Bibelstelle<\/a>: Koh 3, 1 \u2013 8<\/p>\n<p>Wort zum Schulschluss (Diakon)<\/p>\n<p>Lied: Turn, Turn (Pete Seger)<\/p>\n<p>F\u00fcrbitten: mittels der f\u00fcnf Finger an der Hand (Robert) <a href=\"https:\/\/www.erzdioezese-wien.at\/pages\/inst\/14431715\/informationenueber\/betenlernen\/article\/38830.html\">Link<\/a><\/p>\n<p>Vater unser (gebetet)<\/p>\n<p>Segensgebet: &#8222;Sommersegen&#8220;<\/p>\n<p>Guter Gott segne uns<br \/>Jede Sekunde in der wir<br \/>den Atem sp\u00fcren,<br \/>jede Minute in der wir<br \/>ein Lachen h\u00f6ren,<br \/>jede Stunde in der wir<br \/>unsere Liebsten sehen,<br \/>jeden Tag den wir<br \/>miteinander gehen.<br \/>Jede Woche in der wir<br \/>Beziehung leben,<br \/>jeden Monat dem wir<br \/>Frieden geben,<br \/>jedes Jahr in dem wir<br \/>in Erinnerungen schweben.<br \/>Segne uns<br \/>zu jeder Zeit,<br \/>damit dein Segen<br \/>die Menschen eint.<br \/>Amen<\/p>\n<p>Lied: An Tagen wie diesen (Die \u00c4rzte)<\/p>\n","protected":false},"excerpt":{"rendered":"<p>Am 7. Juli 2022 fand die Abschlussfeier mit religi\u00f6sen Elementen statt. Die Lieder wurden von der Schulband gecovert und live gespielt. Lied: Come together (Beatles) Begr\u00fc\u00dfung \u2013 Thema: ZEIT (Robert) Vorstellen von \u201eCHRONOS\u201c \u2013\u00a0 Toni Bild Ein paar Ausz\u00fcge aus &hellip; <a href=\"https:\/\/www.gazophylacium.org\/?page_id=2226\">Weiterlesen <span class=\"meta-nav\">&rarr;<\/span><\/a><\/p>\n","protected":false},"author":1,"featured_media":0,"parent":1254,"menu_order":0,"comment_status":"closed","ping_status":"closed","template":"","meta":{"footnotes":""},"class_list":["post-2226","page","type-page","status-publish","hentry"],"_links":{"self":[{"href":"https:\/\/www.gazophylacium.org\/index.php?rest_route=\/wp\/v2\/pages\/2226","targetHints":{"allow":["GET"]}}],"collection":[{"href":"https:\/\/www.gazophylacium.org\/index.php?rest_route=\/wp\/v2\/pages"}],"about":[{"href":"https:\/\/www.gazophylacium.org\/index.php?rest_route=\/wp\/v2\/types\/page"}],"author":[{"embeddable":true,"href":"https:\/\/www.gazophylacium.org\/index.php?rest_route=\/wp\/v2\/users\/1"}],"replies":[{"embeddable":true,"href":"https:\/\/www.gazophylacium.org\/index.php?rest_route=%2Fwp%2Fv2%2Fcomments&post=2226"}],"version-history":[{"count":1,"href":"https:\/\/www.gazophylacium.org\/index.php?rest_route=\/wp\/v2\/pages\/2226\/revisions"}],"predecessor-version":[{"id":2227,"href":"https:\/\/www.gazophylacium.org\/index.php?rest_route=\/wp\/v2\/pages\/2226\/revisions\/2227"}],"up":[{"embeddable":true,"href":"https:\/\/www.gazophylacium.org\/index.php?rest_route=\/wp\/v2\/pages\/1254"}],"wp:attachment":[{"href":"https:\/\/www.gazophylacium.org\/index.php?rest_route=%2Fwp%2Fv2%2Fmedia&parent=2226"}],"curies":[{"name":"wp","href":"https:\/\/api.w.org\/{rel}","templated":true}]}}