{"id":2221,"date":"2022-05-24T18:30:34","date_gmt":"2022-05-24T18:30:34","guid":{"rendered":"http:\/\/www.gazophylacium.org\/?page_id=2221"},"modified":"2022-05-24T18:31:02","modified_gmt":"2022-05-24T18:31:02","slug":"akustischer-adventkalender","status":"publish","type":"page","link":"https:\/\/www.gazophylacium.org\/?page_id=2221","title":{"rendered":"Akustischer Adventkalender"},"content":{"rendered":"\n<p>Der akustische Adventkalender aus dem Jahr 2011 wird zehn Jahre sp\u00e4ter noch einmal pr\u00e4sentiert. Die Beitr\u00e4ge wurden damals im Rahmen des Unterrichts in Deutsch und Religion erarbeitet. Es waren die Klassen 1W, 2W, 3W, 3M und 2RT beteiligt. Klick einfach auf die Zahl und h\u00f6r gut zu.<\/p>\n\n\n\n<figure class=\"wp-block-table\"><table><tbody><tr><td><a href=\"https:\/\/soundcloud.com\/robertpretterhofer\/adventkalender-der-htl-weiz-1turchen\/s-Z3ZR9FaDSw2?si=c74a2289a0084da59d5069089fc85492\">I<\/a><\/td><td><a href=\"https:\/\/soundcloud.com\/robertpretterhofer\/adventkalender-der-htl-weiz-2-turchen?si=aa7e67036fcc4afa81e7814f8efea3e3\">II<\/a><\/td><td><a href=\"https:\/\/soundcloud.com\/robertpretterhofer\/adventkalender-der-htl-weiz-3turchen?si=a75cba780fe249b3bc28b3fba58f7b99\">III<\/a><\/td><td><a href=\"https:\/\/soundcloud.com\/robertpretterhofer\/adventkalender-der-htl-weiz-4turchen?si=15b4dcc0878345049df73ce34f0b7d02\">IV<\/a><\/td><td><a href=\"https:\/\/soundcloud.com\/robertpretterhofer\/adventkalender-der-htl-weiz-5?si=a34a475c033643abb9072290966462d6\">V<\/a><\/td><td><a href=\"https:\/\/soundcloud.com\/robertpretterhofer\/adventkalender-der-htl-nikolaus?si=aed34355128248f8af82175f0b177e88\">VI<\/a><\/td><\/tr><tr><td><a href=\"https:\/\/soundcloud.com\/robertpretterhofer\/adventkalender-der-htl-7-turchen?si=99f4dbff295f483f83120bcb3c6d406c\">VII<\/a><\/td><td><a href=\"https:\/\/soundcloud.com\/robertpretterhofer\/adventkalender-der-htl-weiz-8-turchen?si=da754c445e2c41a792c01b5b9f7420b8&amp;utm_source=clipboard&amp;utm_medium=text&amp;utm_campaign=social_sharing\">VIII<\/a><\/td><td><a href=\"https:\/\/soundcloud.com\/robertpretterhofer\/adventkalender-der-htl-weiz-9-turchen?si=0d4e99536b1943f4841af3213e830c35&amp;utm_source=clipboard&amp;utm_medium=text&amp;utm_campaign=social_sharing\">IX<\/a><\/td><td><a href=\"https:\/\/soundcloud.com\/robertpretterhofer\/adventkalender-der-htl-weiz-10-turchen?si=67c4610faedd4c6cad4173ef90556722&amp;utm_source=clipboard&amp;utm_medium=text&amp;utm_campaign=social_sharing\">X<\/a><\/td><td><a href=\"https:\/\/soundcloud.com\/robertpretterhofer\/adventkalender-der-htl-weiz-11-turchen?si=5a0d738857af4e31af86328efa9b1ff8&amp;utm_source=clipboard&amp;utm_medium=text&amp;utm_campaign=social_sharing\">XI<\/a><\/td><td><a href=\"https:\/\/soundcloud.com\/robertpretterhofer\/adventkalender-der-htl-weiz-12-turchen3-advent?si=3ac9d114df3048b5a3c21e2c3409473f&amp;utm_source=clipboard&amp;utm_medium=text&amp;utm_campaign=social_sharing\">XII<\/a><\/td><\/tr><tr><td><a href=\"https:\/\/soundcloud.com\/robertpretterhofer\/adventkalender-der-htl-weiz-13-turchen?si=d051d8c30b7543acaae10de676065627&amp;utm_source=clipboard&amp;utm_medium=text&amp;utm_campaign=social_sharing\">XIII<\/a><\/td><td><a href=\"https:\/\/soundcloud.com\/robertpretterhofer\/adventkalender-der-htl-weiz-14-turchen?si=6fe61c1affe443ecb7d564565021fb21&amp;utm_source=clipboard&amp;utm_medium=text&amp;utm_campaign=social_sharing\">XIV<\/a><\/td><td><a href=\"https:\/\/soundcloud.com\/robertpretterhofer\/adventkalender-der-htl-weiz-15-turchen?si=c256d4164c3144e2a23f5da27eda60c9&amp;utm_source=clipboard&amp;utm_medium=text&amp;utm_campaign=social_sharing\">XV<\/a><\/td><td><a href=\"https:\/\/soundcloud.com\/robertpretterhofer\/adventkalender-der-htl-weiz-16-turchen?si=ee4c6b71a3854b6e84e5cef764a7f172&amp;utm_source=clipboard&amp;utm_medium=text&amp;utm_campaign=social_sharing\">XVI<\/a><\/td><td><a href=\"https:\/\/soundcloud.com\/robertpretterhofer\/adventkalender-der-htl-weiz-17-turchen?si=b6a87a3dd6c3479cbaf4610a91e3acf3&amp;utm_source=clipboard&amp;utm_medium=text&amp;utm_campaign=social_sharing\">XVII<\/a><\/td><td><a href=\"https:\/\/soundcloud.com\/robertpretterhofer\/adventkalender-der-htl-weiz-18-turchen?si=4cb8e166b79441d882077fa6b10b8820&amp;utm_source=clipboard&amp;utm_medium=text&amp;utm_campaign=social_sharing\">XVIII<\/a><\/td><\/tr><tr><td><a href=\"https:\/\/soundcloud.com\/robertpretterhofer\/adventkalender-der-htl-weiz-19-turchen?si=aa739eb694b04e7f8f3b52f9058212d6&amp;utm_source=clipboard&amp;utm_medium=text&amp;utm_campaign=social_sharing\">XIX<\/a><\/td><td><a href=\"https:\/\/soundcloud.com\/robertpretterhofer\/adventkalender-2-der-htl-weiz-20-turchen?si=6b5a60a17ae447e092a0179d35dcb7c0&amp;utm_source=clipboard&amp;utm_medium=text&amp;utm_campaign=social_sharing\">XX<\/a><\/td><td><a href=\"https:\/\/soundcloud.com\/robertpretterhofer\/adventkalender-der-htl-weiz-21-turchen?si=63a3404851eb4d06a40c46bde9e9d62f&amp;utm_source=clipboard&amp;utm_medium=text&amp;utm_campaign=social_sharin\">XXI<\/a><\/td><td><a href=\"https:\/\/soundcloud.com\/robertpretterhofer\/adventkalender-der-htl-weiz-21?si=32ff439c14f544d28837ad65a4e3ce64&amp;utm_source=clipboard&amp;utm_medium=text&amp;utm_campaign=social_sharing\">XXII<\/a><\/td><td><a href=\"https:\/\/soundcloud.com\/robertpretterhofer\/adventkalender-der-htl-weiz-23-turchen?si=e48660dd24ca429c8ddaf3d080d8fdec&amp;utm_source=clipboard&amp;utm_medium=text&amp;utm_campaign=social_sharing\">XXIII<\/a><\/td><td><a href=\"https:\/\/soundcloud.com\/robertpretterhofer\/adventkalender-der-htl-weiz-24-turchen?si=1483d818bf60434aa02216897f45cae3&amp;utm_source=clipboard&amp;utm_medium=text&amp;utm_campaign=social_sharing\">XXIV<\/a><\/td><\/tr><\/tbody><\/table><\/figure>\n","protected":false},"excerpt":{"rendered":"<p>Der akustische Adventkalender aus dem Jahr 2011 wird zehn Jahre sp\u00e4ter noch einmal pr\u00e4sentiert. Die Beitr\u00e4ge wurden damals im Rahmen des Unterrichts in Deutsch und Religion erarbeitet. Es waren die Klassen 1W, 2W, 3W, 3M und 2RT beteiligt. Klick einfach &hellip; <a href=\"https:\/\/www.gazophylacium.org\/?page_id=2221\">Weiterlesen <span class=\"meta-nav\">&rarr;<\/span><\/a><\/p>\n","protected":false},"author":1,"featured_media":0,"parent":860,"menu_order":0,"comment_status":"closed","ping_status":"closed","template":"","meta":{"footnotes":""},"class_list":["post-2221","page","type-page","status-publish","hentry"],"_links":{"self":[{"href":"https:\/\/www.gazophylacium.org\/index.php?rest_route=\/wp\/v2\/pages\/2221","targetHints":{"allow":["GET"]}}],"collection":[{"href":"https:\/\/www.gazophylacium.org\/index.php?rest_route=\/wp\/v2\/pages"}],"about":[{"href":"https:\/\/www.gazophylacium.org\/index.php?rest_route=\/wp\/v2\/types\/page"}],"author":[{"embeddable":true,"href":"https:\/\/www.gazophylacium.org\/index.php?rest_route=\/wp\/v2\/users\/1"}],"replies":[{"embeddable":true,"href":"https:\/\/www.gazophylacium.org\/index.php?rest_route=%2Fwp%2Fv2%2Fcomments&post=2221"}],"version-history":[{"count":1,"href":"https:\/\/www.gazophylacium.org\/index.php?rest_route=\/wp\/v2\/pages\/2221\/revisions"}],"predecessor-version":[{"id":2223,"href":"https:\/\/www.gazophylacium.org\/index.php?rest_route=\/wp\/v2\/pages\/2221\/revisions\/2223"}],"up":[{"embeddable":true,"href":"https:\/\/www.gazophylacium.org\/index.php?rest_route=\/wp\/v2\/pages\/860"}],"wp:attachment":[{"href":"https:\/\/www.gazophylacium.org\/index.php?rest_route=%2Fwp%2Fv2%2Fmedia&parent=2221"}],"curies":[{"name":"wp","href":"https:\/\/api.w.org\/{rel}","templated":true}]}}