{"id":2106,"date":"2020-09-17T09:40:34","date_gmt":"2020-09-17T09:40:34","guid":{"rendered":"http:\/\/www.gazophylacium.org\/?page_id=2106"},"modified":"2020-09-17T09:41:54","modified_gmt":"2020-09-17T09:41:54","slug":"abschlussgottesdienst-2020","status":"publish","type":"page","link":"https:\/\/www.gazophylacium.org\/?page_id=2106","title":{"rendered":"Abschlussgottesdienst 2020"},"content":{"rendered":"\n<p>Hier gibt es den Livestream zum Nachschauen bzw. hier den Ablauf zum Nachlesen.<\/p>\n\n\n\n<p>Lied: Seite an Seite ( Ch. St\u00fcrmer)<\/p>\n\n\n\n<p>Begr\u00fc\u00dfung: N.N.<\/p>\n\n\n\n<p>Erste Mal-Rahmenbild: * R\u00fcckschau (Josi)<br>DREI Gegenst\u00e4nde (Volleyball, Laptop, Reisepass &#8211;Josi, drei Sch\u00fcler*innen)<\/p>\n\n\n\n<p>Lied: Gr\u00f6\u00dfer als wir (P. Maffay)<\/p>\n\n\n\n<p>Zweite Mal Rahmenbild: Was ist jetzt?<br>Bibeltext<br>Worte der Ermutigung<\/p>\n\n\n\n<p>Gebet<br>Ein besonders sch\u00f6nes Gebet ist das Gebet der \u201aReligi\u00f6sen Bruderschaft\u2019 in Kairo, die sich seit Jahrzehnten monatlich trifft. Zu Beginn sprechen alle Mitglieder, Muslime, Juden und Christen, gemeinsam folgende Worte:<\/p>\n\n\n\n<p><em>Gott, an Dich wenden wir uns,<\/em><br><em>Auf Dich setzen wir unser Vertrauen,<\/em><br><em>Du bist es, dessen Hilfe wir erbitten.<\/em><br><em>Inst\u00e4ndig bitten wir:<\/em><br><em>Schenke uns die Kraft des Glaubens an Dich<\/em><br><em>Und das rechte Handeln durch die Rechtleitung Deiner Propheten und Gesandten.<\/em><br><em>Und wir bitten Dich, O Gott, jeden von uns<\/em><br><em>Treu zu machen gegen\u00fcber seinem Glauben und seiner Religion,<\/em><br><em>Ohne Enge, die uns selbst schadet,<\/em><br><em>Ohne Fanatismus, der unseren Mitb\u00fcrgen Unrecht zuf\u00fcgt.<\/em><br><em>Wir flehen Dich an, unser Herr,<\/em><br><em>Segne unsere religi\u00f6se Bruderschaft.<\/em><br><em>Gib, dass Aufrichtigkeit uns hier bestimme<\/em><br><em>Gerechtigkeit das Ziel sei, das wir hier verfolgen.<\/em><br><em>Der Friede sei das Gut, das wir hier finden.<\/em><br><em>O Du Lebendiger, Du Ewiger<\/em><br><em>Dir sei Lob und Ehre.<\/em><br><em>Amen.<\/em><\/p>\n\n\n\n<p>Dritte Mal Rahmenbild: Ausblick: Was kommt?<\/p>\n\n\n\n<p>Aaronitischer Segen &#8211; Num 6,22-27<\/p>\n\n\n\n<p>22 Und der Herr redete mit Mose und sprach:<br>23 Sage Aaron und seinen S\u00f6hnen und sprich: So sollt ihr sagen zu den Israeliten, wenn ihr sie segnet:<br>24 Der Herr segne dich und beh\u00fcte dich;<br>25 der Herr lasse sein Angesicht leuchten \u00fcber dir und sei dir gn\u00e4dig;<br>26 der Herr hebe sein Angesicht \u00fcber dich und gebe dir Frieden.<br>27 So sollen sie meinen Namen auf die Israeliten legen, dass ich sie segne.<\/p>\n\n\n\n<p>Lied:\nGro\u00dfvater (STS)<\/p>\n\n\n\n<p>*<a href=\"http:\/\/www.museumsyndicate.com\/images\/4\/30015.jpg\">Quint Buchholz Ladder<\/a>, ausgedruckt und in einem Rahmen (Robert)<\/p>\n","protected":false},"excerpt":{"rendered":"<p>Hier gibt es den Livestream zum Nachschauen bzw. hier den Ablauf zum Nachlesen. Lied: Seite an Seite ( Ch. St\u00fcrmer) Begr\u00fc\u00dfung: N.N. Erste Mal-Rahmenbild: * R\u00fcckschau (Josi)DREI Gegenst\u00e4nde (Volleyball, Laptop, Reisepass &#8211;Josi, drei Sch\u00fcler*innen) Lied: Gr\u00f6\u00dfer als wir (P. Maffay) &hellip; <a href=\"https:\/\/www.gazophylacium.org\/?page_id=2106\">Weiterlesen <span class=\"meta-nav\">&rarr;<\/span><\/a><\/p>\n","protected":false},"author":1,"featured_media":0,"parent":1254,"menu_order":0,"comment_status":"closed","ping_status":"closed","template":"","meta":{"footnotes":""},"class_list":["post-2106","page","type-page","status-publish","hentry"],"_links":{"self":[{"href":"https:\/\/www.gazophylacium.org\/index.php?rest_route=\/wp\/v2\/pages\/2106","targetHints":{"allow":["GET"]}}],"collection":[{"href":"https:\/\/www.gazophylacium.org\/index.php?rest_route=\/wp\/v2\/pages"}],"about":[{"href":"https:\/\/www.gazophylacium.org\/index.php?rest_route=\/wp\/v2\/types\/page"}],"author":[{"embeddable":true,"href":"https:\/\/www.gazophylacium.org\/index.php?rest_route=\/wp\/v2\/users\/1"}],"replies":[{"embeddable":true,"href":"https:\/\/www.gazophylacium.org\/index.php?rest_route=%2Fwp%2Fv2%2Fcomments&post=2106"}],"version-history":[{"count":1,"href":"https:\/\/www.gazophylacium.org\/index.php?rest_route=\/wp\/v2\/pages\/2106\/revisions"}],"predecessor-version":[{"id":2108,"href":"https:\/\/www.gazophylacium.org\/index.php?rest_route=\/wp\/v2\/pages\/2106\/revisions\/2108"}],"up":[{"embeddable":true,"href":"https:\/\/www.gazophylacium.org\/index.php?rest_route=\/wp\/v2\/pages\/1254"}],"wp:attachment":[{"href":"https:\/\/www.gazophylacium.org\/index.php?rest_route=%2Fwp%2Fv2%2Fmedia&parent=2106"}],"curies":[{"name":"wp","href":"https:\/\/api.w.org\/{rel}","templated":true}]}}