{"id":2103,"date":"2020-09-17T09:29:07","date_gmt":"2020-09-17T09:29:07","guid":{"rendered":"http:\/\/www.gazophylacium.org\/?page_id=2103"},"modified":"2021-07-05T19:54:12","modified_gmt":"2021-07-05T19:54:12","slug":"eroeffnungfeier-2020","status":"publish","type":"page","link":"https:\/\/www.gazophylacium.org\/?page_id=2103","title":{"rendered":"Er\u00f6ffnungfeier 2020"},"content":{"rendered":"\n<p>Der Start des Schuljahres wurde diesmal als &#8222;Feier mit religi\u00f6sen Elementen&#8220; gestaltet.<\/p>\n\n\n\n<p><strong>Startklar: Er\u00f6ffnungsfeier f\u00fcr uns<\/strong><\/p>\n\n\n\n<p>Einblendung des Starttransparents<\/p>\n\n\n\n<p><strong>Lied<\/strong>: Mad world (<a href=\"https:\/\/de.wikipedia.org\/wiki\/Tears_for_Fears\">Tears for Fears<\/a> aus dem Jahr 1982 )<\/p>\n\n\n\n<p>Auf die Pl\u00e4tze fertig \u2026<br>N.N.:  Stopp!!!<\/p>\n\n\n\n<p><strong>Begr\u00fc\u00dfung<\/strong>: N.N.<br>Wir startklar! Wir sind bereit. Bald kann es losgehen. Mit unserer Er\u00f6ffnungfeier und mit diesem Schuljahr. Sch\u00f6n, dass Ihr da seid. Hinweis auf die Form (Er\u00f6ffnungsfeier mit religi\u00f6sen Elementen: Loblied, Segen). <\/p>\n\n\n\n<p><strong>F\u00fcnf Protagonisten*innen<\/strong><br>Jeder nennt seinen Zugang zum Start des neuen Schuljahres. Wir haben uns f\u00fcr authentische Stellungnahmen entschieden.<br> Jede*r stellt sich mit aufgezogener MNS auf die Startlinie.<\/p>\n\n\n\n<ol class=\"wp-block-list\"><li>Elias<\/li><li>Christoph<\/li><li>Meinhard<\/li><li>Direktor<\/li><li>Diemut<\/li><\/ol>\n\n\n\n<p><strong>Text aus <\/strong><a href=\"https:\/\/www.morawa.at\/detail\/ISBN-9783702238452\/Sigg-Stephan\/Startklar\"><strong>Startklar<\/strong> <\/a>(bearbeitet nach Stephan Sigg): <br>In unserem Team hat jeder Platz:<br> die Lauten, die Leisen,<br> die Sch\u00fcchternen, die Mutigen,<br> die Softies und die Hau-Draufs,<br> die Ehrgeizigen, die Entspannten,<br> die Zielstrebigen, die Chaotischen,<br> die Schnellstarter, die Durchhalter.<br>Wir brauchen keinen n\u00e4chsten Superstar,<br> keinen neuen Rekord,<br> keine Millionen-Pr\u00e4mien-Absahner.<br> Wir brauchen grandiose Fairplayer,<br> Gute-Laune-Verbreiter, Mutmacherinnen.<\/p>\n\n\n\n<p><strong>Lied:<\/strong> Herzklopfn (Poxrucker Sisters)<\/p>\n\n\n\n<p><strong>Segensgebet<\/strong> (bearbeitet nach Stephan Sigg)<\/p>\n\n\n\n<p>\u00d6ffne unsere Augen,<br> damit wir nicht nur Chancen erkennen,<br> sondern auch die Teamkollegin,<br> die dringend Deckung ben\u00f6tigt.<br> \u00d6ffne unsere Ohren, damit wir den h\u00f6ren, der zur\u00fcckf\u00e4llt.<br> \u00d6ffne unsere Nasen,<br> damit wir den richtigen Riecher haben,<br> wenn es auf dem Feld brenzlig wird.<\/p>\n\n\n\n<p>Segne uns &#8211;<br>Anna mit ihrem Mut zum Risiko,<br> Martin, dem&nbsp;es meistens gelingt,<br> die letzten Reserven zu aktivieren,<br> Nico, der immer alle rechtzeitig warnt,<br> Lenas&nbsp;Gelassenheit, die sich<br> durch nichts ersch\u00fcttern l\u00e4sst,<br>Manuel, der nie den \u00dcberblick verliert,<br> Erst als Team liefern wir das Beste<br> mach aus unseren Einzel-Talenten<br> ein funktionierendes Ganzes. Amen<\/p>\n\n\n\n<p><strong>Lied:<\/strong> Hey lieba Gott (bearbeitet nach Hasn S\u00f6llner)<\/p>\n\n\n\n<p>N.N.:  Jetzt aber: Auf die Pl\u00e4tze fertig los!<br>Die f\u00fcnf Personen laufen Richtung Ausgang<br>Das <strong>Video<\/strong> vom Einlauf zur Schule wird eingespielt<\/p>\n\n\n\n<p><\/p>\n\n\n\n<p>Zum Nachsehen: <a href=\"https:\/\/www.youtube.com\/watch?v=DK9xeHX--sw\">hier<\/a><\/p>\n\n\n\n<p><\/p>\n","protected":false},"excerpt":{"rendered":"<p>Der Start des Schuljahres wurde diesmal als &#8222;Feier mit religi\u00f6sen Elementen&#8220; gestaltet. Startklar: Er\u00f6ffnungsfeier f\u00fcr uns Einblendung des Starttransparents Lied: Mad world (Tears for Fears aus dem Jahr 1982 ) Auf die Pl\u00e4tze fertig \u2026N.N.: Stopp!!! Begr\u00fc\u00dfung: N.N.Wir startklar! Wir &hellip; <a href=\"https:\/\/www.gazophylacium.org\/?page_id=2103\">Weiterlesen <span class=\"meta-nav\">&rarr;<\/span><\/a><\/p>\n","protected":false},"author":1,"featured_media":0,"parent":1254,"menu_order":0,"comment_status":"closed","ping_status":"closed","template":"","meta":{"footnotes":""},"class_list":["post-2103","page","type-page","status-publish","hentry"],"_links":{"self":[{"href":"https:\/\/www.gazophylacium.org\/index.php?rest_route=\/wp\/v2\/pages\/2103","targetHints":{"allow":["GET"]}}],"collection":[{"href":"https:\/\/www.gazophylacium.org\/index.php?rest_route=\/wp\/v2\/pages"}],"about":[{"href":"https:\/\/www.gazophylacium.org\/index.php?rest_route=\/wp\/v2\/types\/page"}],"author":[{"embeddable":true,"href":"https:\/\/www.gazophylacium.org\/index.php?rest_route=\/wp\/v2\/users\/1"}],"replies":[{"embeddable":true,"href":"https:\/\/www.gazophylacium.org\/index.php?rest_route=%2Fwp%2Fv2%2Fcomments&post=2103"}],"version-history":[{"count":3,"href":"https:\/\/www.gazophylacium.org\/index.php?rest_route=\/wp\/v2\/pages\/2103\/revisions"}],"predecessor-version":[{"id":2146,"href":"https:\/\/www.gazophylacium.org\/index.php?rest_route=\/wp\/v2\/pages\/2103\/revisions\/2146"}],"up":[{"embeddable":true,"href":"https:\/\/www.gazophylacium.org\/index.php?rest_route=\/wp\/v2\/pages\/1254"}],"wp:attachment":[{"href":"https:\/\/www.gazophylacium.org\/index.php?rest_route=%2Fwp%2Fv2%2Fmedia&parent=2103"}],"curies":[{"name":"wp","href":"https:\/\/api.w.org\/{rel}","templated":true}]}}