{"id":21,"date":"2011-02-17T13:22:32","date_gmt":"2011-02-17T13:22:32","guid":{"rendered":"http:\/\/gazophylacium.org\/news\/?page_id=21"},"modified":"2017-11-27T18:52:51","modified_gmt":"2017-11-27T18:52:51","slug":"reli-on-tour","status":"publish","type":"page","link":"https:\/\/www.gazophylacium.org\/?page_id=21","title":{"rendered":"Reli-on-tour"},"content":{"rendered":"<p style=\"text-align: left;\">Die urspr\u00fcngliche Tour f\u00fchrte uns nach <a href=\"http:\/\/gazophylacium.org\/news\/?page_id=48\">Anger<\/a>, <a href=\"https:\/\/www.gazophylacium.org\/?page_id=168\">Fehring<\/a>, <a href=\"https:\/\/www.gazophylacium.org\/?page_id=326\">Passail<\/a>, <a href=\"https:\/\/www.gazophylacium.org\/?page_id=330\">Sinabelkirchen, Gro\u00dfwilfersdorf,<\/a> <a href=\"https:\/\/www.gazophylacium.org\/?page_id=332\">Kumberg <\/a>und <a href=\"https:\/\/www.gazophylacium.org\/?page_id=1483\">Weiz<\/a>.<\/p>\n<p style=\"text-align: left;\">Die Fortsetzung der Tour (&#8222;<a href=\"https:\/\/www.gazophylacium.org\/?page_id=1383\">Reloaded<\/a>&#8222;) f\u00fchrte uns bisher nach <a href=\"https:\/\/www.gazophylacium.org\/?page_id=1501\">Anger<\/a>, <a href=\"https:\/\/www.gazophylacium.org\/?page_id=1551\">Pischelsdorf<\/a>, <a href=\"https:\/\/www.gazophylacium.org\/?page_id=1815\">Gleisdorf<\/a> und <a href=\"https:\/\/www.gazophylacium.org\/?page_id=1818\">Kirchberg <\/a>a.d. Raab.<\/p>\n<p style=\"text-align: left;\">Weitere Termine sind geplant:<\/p>\n<p style=\"text-align: left;\">18.05. 2018 S\u00fcdtirolerplatz Weiz<br \/>\n23.06.2018 Graz<\/p>\n","protected":false},"excerpt":{"rendered":"<p>Die urspr\u00fcngliche Tour f\u00fchrte uns nach Anger, Fehring, Passail, Sinabelkirchen, Gro\u00dfwilfersdorf, Kumberg und Weiz. Die Fortsetzung der Tour (&#8222;Reloaded&#8222;) f\u00fchrte uns bisher nach Anger, Pischelsdorf, Gleisdorf und Kirchberg a.d. Raab. Weitere Termine sind geplant: 18.05. 2018 S\u00fcdtirolerplatz Weiz 23.06.2018 Graz<\/p>\n","protected":false},"author":1,"featured_media":0,"parent":0,"menu_order":4,"comment_status":"closed","ping_status":"closed","template":"","meta":{"footnotes":""},"class_list":["post-21","page","type-page","status-publish","hentry"],"_links":{"self":[{"href":"https:\/\/www.gazophylacium.org\/index.php?rest_route=\/wp\/v2\/pages\/21","targetHints":{"allow":["GET"]}}],"collection":[{"href":"https:\/\/www.gazophylacium.org\/index.php?rest_route=\/wp\/v2\/pages"}],"about":[{"href":"https:\/\/www.gazophylacium.org\/index.php?rest_route=\/wp\/v2\/types\/page"}],"author":[{"embeddable":true,"href":"https:\/\/www.gazophylacium.org\/index.php?rest_route=\/wp\/v2\/users\/1"}],"replies":[{"embeddable":true,"href":"https:\/\/www.gazophylacium.org\/index.php?rest_route=%2Fwp%2Fv2%2Fcomments&post=21"}],"version-history":[{"count":52,"href":"https:\/\/www.gazophylacium.org\/index.php?rest_route=\/wp\/v2\/pages\/21\/revisions"}],"predecessor-version":[{"id":1848,"href":"https:\/\/www.gazophylacium.org\/index.php?rest_route=\/wp\/v2\/pages\/21\/revisions\/1848"}],"wp:attachment":[{"href":"https:\/\/www.gazophylacium.org\/index.php?rest_route=%2Fwp%2Fv2%2Fmedia&parent=21"}],"curies":[{"name":"wp","href":"https:\/\/api.w.org\/{rel}","templated":true}]}}