{"id":2092,"date":"2019-09-11T15:12:17","date_gmt":"2019-09-11T15:12:17","guid":{"rendered":"http:\/\/www.gazophylacium.org\/?page_id=2092"},"modified":"2019-09-11T15:30:47","modified_gmt":"2019-09-11T15:30:47","slug":"eroeffnungsgottesdienst-2019","status":"publish","type":"page","link":"https:\/\/www.gazophylacium.org\/?page_id=2092","title":{"rendered":"Er\u00f6ffnungsgottesdienst 2019"},"content":{"rendered":"<h1 style=\"text-align: center;\">Er\u00f6ffnungsgottesdienst 11.9.2019<\/h1>\n<p style=\"text-align: center;\">am Weizberg mit Kpl. Deogratias mit der HTL Weiz<\/p>\n<h2 style=\"text-align: center;\">&#8222;Vom Mut, der Zuversicht und der Hoffnung&#8220;<\/h2>\n<p>Lied: Land of dreams (R. Cash)<\/p>\n<p>Liturgische Er\u00f6ffnung<\/p>\n<p>Einleitung: (zur Lage: Ich \u2013 die anderen \u2013 die Welt)<\/p>\n<p>&#8222;I hoff schon &#8230;&#8220;<\/p>\n<p>Lied: STARK (Ich&amp;Ich) (sein Leben gleicht einem Chaos &#8211; Hoffnungslosigkeit?<\/p>\n<p>Bibelstelle: Mt 14,22-33 Petrus steigt aus dem Boot<\/p>\n<p>Predigt: Einbeziehen von Gedanken des Philosophen Franz Schuh; die Bibelstelle ins Gespr\u00e4ch mit der Welt bringen<\/p>\n<p>&#8222;<strong>Hoffnung ist eine au\u00dferordentliche Macht<\/strong>. Die Hoffnung hat Macht, und sie gibt Macht, \u00bbsie verleiht Macht\u00ab. Der hoffende Mensch hat mehr Macht als der mutlose. Die Hoffnung ist so stark, dass man sagt, sie w\u00fcrde zuletzt sterben. Wer hofft, rechnet damit, der Zukunft nicht ausgeliefert zu sein, sondern etwas von ihr im Griff zu haben. Seit jeher hat die Hoffnung Menschen bewegt zu handeln, weiterzumachen, es mit den Schwierigkeiten aufzunehmen, und erschienen sie auch noch so un\u00fcberwindlich. Hoffen in einer bedr\u00e4ngten Situation (und kann nicht fast jede Situation bedr\u00e4ngend werden?) hei\u00dft: auf die Zukunft setzen, darauf, dass es einmal anders sein wird, anders als in der Gegenwart.&#8220; (aus: &#8222;Fortuna: Aus dem Magazin des Gl\u00fccks&#8220; von Franz Schuh)<\/p>\n<p>Musik: Panfl\u00f6tenst\u00fcck (Father and son)<\/p>\n<p>F\u00fcrbitten: alle antworten mit &#8222;weil wir Hoffnung haben&#8220; oder &#8222;weil wir hoffen&#8220;<\/p>\n<ul>\n<li>Im Vertrauen auf Gottes Geist bitten wir f\u00fcr jene, die ein verh\u00e4ngnisvolles Schicksal tragen, weil wir Hoffnung haben.<\/li>\n<li>Im Vertrauen auf Gottes Geist bitten wir f\u00fcr alle, deren Leben einem Chaos gleicht, weil wir Hoffnung haben.<\/li>\n<li>Im Vertrauen auf Gottes Geist bitten wir f\u00fcr jene, die Gott im Fremden im Bus suchen, weil wir Hoffnung haben.<\/li>\n<li>Im Vertrauen auf Gottes Geist bitten wir f\u00fcr alle, die sich f\u00fcr Gerechtigkeit und Nachhaltigkeit stark machen, weil wir Hoffnung haben.<\/li>\n<li>Im Vertrauen auf Gottes Geist bitten wir f\u00fcr uns selber, wenn uns manchmal der Mut und die Zuversicht fehlen, weil wir Hoffnung haben.<\/li>\n<li>Im Vertrauen auf Gottes Geist bitten wir alle Verstorbenen aus unserer Schulgemeinschaft, weil wir Hoffnung haben.<\/li>\n<\/ul>\n<p>Lied: Behind blue eyes (Limp Bizkit)<\/p>\n<p>Vaterunser beten<\/p>\n<p>Hinweis auf die Spruchk\u00e4rtchen, die beimAusgang angeboten werden.\u00a0 Sinnspr\u00fcche, Worte von Goethe, Bibelworte, &#8230;<\/p>\n<p>Segensgebet<\/p>\n<p>Lied. One of us (Joan Osborne)<\/p>\n<p>&#8222;Als ein braver Mann, der auch ein Macher, ein Manager war, starb, stellte sich die Frage: War er denn religi\u00f6s? Der Name des Mannes tut nichts zur Sache, die Antwort aber schon, die ein zumindest ebenso braver Mann gab. Sie lautet: \u00bbEr war gl\u00e4ubig in unaufgeregter Art des Suchens und Hoffens.\u00ab<br \/>\n(aus &#8222;Fortuna: Aus dem Magazin des Gl\u00fccks&#8220; von Franz Schuh)<\/p>\n","protected":false},"excerpt":{"rendered":"<p>Er\u00f6ffnungsgottesdienst 11.9.2019 am Weizberg mit Kpl. Deogratias mit der HTL Weiz &#8222;Vom Mut, der Zuversicht und der Hoffnung&#8220; Lied: Land of dreams (R. Cash) Liturgische Er\u00f6ffnung Einleitung: (zur Lage: Ich \u2013 die anderen \u2013 die Welt) &#8222;I hoff schon &#8230;&#8220; &hellip; <a href=\"https:\/\/www.gazophylacium.org\/?page_id=2092\">Weiterlesen <span class=\"meta-nav\">&rarr;<\/span><\/a><\/p>\n","protected":false},"author":1,"featured_media":0,"parent":0,"menu_order":0,"comment_status":"closed","ping_status":"closed","template":"","meta":{"footnotes":""},"class_list":["post-2092","page","type-page","status-publish","hentry"],"_links":{"self":[{"href":"https:\/\/www.gazophylacium.org\/index.php?rest_route=\/wp\/v2\/pages\/2092","targetHints":{"allow":["GET"]}}],"collection":[{"href":"https:\/\/www.gazophylacium.org\/index.php?rest_route=\/wp\/v2\/pages"}],"about":[{"href":"https:\/\/www.gazophylacium.org\/index.php?rest_route=\/wp\/v2\/types\/page"}],"author":[{"embeddable":true,"href":"https:\/\/www.gazophylacium.org\/index.php?rest_route=\/wp\/v2\/users\/1"}],"replies":[{"embeddable":true,"href":"https:\/\/www.gazophylacium.org\/index.php?rest_route=%2Fwp%2Fv2%2Fcomments&post=2092"}],"version-history":[{"count":4,"href":"https:\/\/www.gazophylacium.org\/index.php?rest_route=\/wp\/v2\/pages\/2092\/revisions"}],"predecessor-version":[{"id":2097,"href":"https:\/\/www.gazophylacium.org\/index.php?rest_route=\/wp\/v2\/pages\/2092\/revisions\/2097"}],"wp:attachment":[{"href":"https:\/\/www.gazophylacium.org\/index.php?rest_route=%2Fwp%2Fv2%2Fmedia&parent=2092"}],"curies":[{"name":"wp","href":"https:\/\/api.w.org\/{rel}","templated":true}]}}