{"id":2072,"date":"2019-07-06T16:37:56","date_gmt":"2019-07-06T16:37:56","guid":{"rendered":"http:\/\/www.gazophylacium.org\/?page_id=2072"},"modified":"2019-08-20T14:43:37","modified_gmt":"2019-08-20T14:43:37","slug":"eroeffnungsgottesdienst-2018","status":"publish","type":"page","link":"https:\/\/www.gazophylacium.org\/?page_id=2072","title":{"rendered":"Er\u00f6ffnungsgottesdienst 2018"},"content":{"rendered":"<p style=\"text-align: center;\">Er\u00f6ffnungsgottesdienst 12. 9. 2018<br \/>\n\u201eGehen ma\u2019s an In Gotts\u2018 Nam\u2018!\u201c<\/p>\n<p>8.30 Uhr am Weizberg mit Kpl. Deogratias<\/p>\n<p>Er\u00f6ffnungslied: <strong>El condor pasa<\/strong> (Michael Nast)<\/p>\n<p>Liturg. Begr\u00fc\u00dfung und Er\u00f6ffnung: In Gottes Namen<\/p>\n<p>Einleitung: Robert<\/p>\n<p>Herzlich willkommen in der Weizbergkirche, die seit einigen Monaten offiziell p\u00e4pstliche Basilika ist.In Gotts\u2018 Nam\u2018 geh\u2018n mas an. In Gottes Namen gehen wir es an. Wann hast du \u00b4das zum letzten Mal gesagt? Was bedeutet es, wenn wir das hier am Beginn eine neuen Schuljahres sagen?<br \/>\nWelche \u00dcberzeugung steckt dahinter, wer von euch kann das aus ganzem Herzen mitvollziehen.<br \/>\nEtwas im Namen Gottes tun ist heute keineswegs selbstverst\u00e4ndlich.<br \/>\nGanz im Gegenteil, wer so redet macht sich gleich verd\u00e4chtig etwas im Sinn zu f\u00fchren.<br \/>\nDeshalb sagen manche \u201eVergi\u00df Gott\u201c, machen wir es doch einfach im Namen der Humanit\u00e4t. Oder andere sagen \u201eM\u00f6ge die Macht mit dir sein!\u201c Auf jeden Fall beziehen wir uns auf eine Basis, ein Fundament. Viele von euch sind zum ersten Mal an unserer Schule und ihr werdet nach Orientierungspunkten Ausschau halten.<br \/>\nUnsere Welt ist nicht ganz einfach. Sie wird von Experten als <strong>FL\u00dcCHTIG<\/strong>, <strong>UNSICHER<\/strong>, <strong>KOMPLEX<\/strong> und <strong>AMBIVALENT<\/strong> beschrieben. Alle diese Beschreibungen bemerken in den verschiedenen Lebensbereichen: Bildung, Familie, Beruf, Glaube, Kirche \u2026<\/p>\n<p>Dieser Befund stellt vieles in Frage. Er l\u00e4sst uns nach der Basis, nach den Fundamenten fragen. Wenn alles fl\u00fcchtig, unsicher, komplex und ambivalent ist, dann fragen wir nach den Werten einer Gemeinschaft.<\/p>\n<p>Wir laden ein dieses Jahr im Namen Gottes zu beginnen, so wie du Gott verstehen willst. Zu Gott wollen wir beten.<\/p>\n<p>Begriffe auf Karton schreiben (Toni)<br \/>\nGrundgedanken: Was bedeutet das etwas im Namen von jemandem anzugehen im Hinblick auf die Buntheit der hier Versammelten. Aus allen Gegenden der Oststeiermark. Unterschiedliche Vorerfahrungen. Die meisten r\u00f6misch-katholisch. Manche sind vielleicht hier orB, vielleicht muslimisch, gl\u00e4ubig, suchend sich als ungl\u00e4ubig bezeichnend.<br \/>\nEin neues Kunstwort beschreibt unsere Welt als FUKA-Welt (<strong>fl\u00fcchtig<\/strong>, <strong>unsicher<\/strong>, <strong>komplex<\/strong>, <strong>ambivalent<\/strong>). Das l\u00e4sst sich in vielen Bereichen ablesen. Auch im Glauben und in der Vorstellung von Gott.<\/p>\n<p>Lasset uns beten:<\/p>\n<p>Gott \u2013 Tiefe meines Lebens,<br \/>\nGott \u2013 Ursprung allen Seins,<br \/>\nGott \u2013 Geheimnis des Lebens,<br \/>\nDU jenseits allen Denkbaren und Sagbaren<br \/>\nerhebe unsere Gedanken zu dir,<br \/>\ngib uns Worte zum Beten, die dich erreichen.<br \/>\nBewirke in uns die Kraft Deines Geistes. (nach Paul Tillich)<\/p>\n<p><strong>Hinweis und Lied: I still haven\u2019t found<\/strong><\/p>\n<p>Bibelstelle Mk 7,31-37 Josi<\/p>\n<p>Predigt (Deogratias)<\/p>\n<p><strong>Lied: Hymn<\/strong><\/p>\n<p>Lasset uns beten:<br \/>\nDu wei\u00dft um uns. Du kennst unsere Schw\u00e4che und das Seufzen unserer Seele.<br \/>\nM\u00f6ge dein Geist uns zu dir f\u00fchren.<br \/>\nErh\u00f6re uns, wenn wir keine Worte finden,<br \/>\nmit dir zu sprechen,<br \/>\nzu dir zu beten.<br \/>\nWir erh\u00f6ren Gott in uns und in der Welt.<br \/>\nGib Kraft unseren stummen Gebeten.<br \/>\nGib Aufrichtigkeit unseren t\u00e4glichen Gebeten.<br \/>\nGott \u2013 Tiefe meines Lebens, Gott \u2013 Ursprung allen Seins<br \/>\nGott, der du Geist bist.<\/p>\n<p>F\u00fcrbitten (nonviolence, powerment, heart) Toni<\/p>\n<p>Vaterunser beten<\/p>\n<p><strong>Lied: Herz ist Trumpf (STS)<\/strong><\/p>\n<p>Segen und Sendung (\u201eGer\u00fcchtemechanismus\u201c)<\/p>\n<p><strong>Lied: Bitte h\u00f6r nicht auf zu tr\u00e4umen<\/strong><\/p>\n<p>Auszug und R\u00fcckmarsch zur Schule<\/p>\n","protected":false},"excerpt":{"rendered":"<p>Er\u00f6ffnungsgottesdienst 12. 9. 2018 \u201eGehen ma\u2019s an In Gotts\u2018 Nam\u2018!\u201c 8.30 Uhr am Weizberg mit Kpl. Deogratias Er\u00f6ffnungslied: El condor pasa (Michael Nast) Liturg. Begr\u00fc\u00dfung und Er\u00f6ffnung: In Gottes Namen Einleitung: Robert Herzlich willkommen in der Weizbergkirche, die seit einigen &hellip; <a href=\"https:\/\/www.gazophylacium.org\/?page_id=2072\">Weiterlesen <span class=\"meta-nav\">&rarr;<\/span><\/a><\/p>\n","protected":false},"author":1,"featured_media":0,"parent":0,"menu_order":0,"comment_status":"closed","ping_status":"closed","template":"","meta":{"footnotes":""},"class_list":["post-2072","page","type-page","status-publish","hentry"],"_links":{"self":[{"href":"https:\/\/www.gazophylacium.org\/index.php?rest_route=\/wp\/v2\/pages\/2072","targetHints":{"allow":["GET"]}}],"collection":[{"href":"https:\/\/www.gazophylacium.org\/index.php?rest_route=\/wp\/v2\/pages"}],"about":[{"href":"https:\/\/www.gazophylacium.org\/index.php?rest_route=\/wp\/v2\/types\/page"}],"author":[{"embeddable":true,"href":"https:\/\/www.gazophylacium.org\/index.php?rest_route=\/wp\/v2\/users\/1"}],"replies":[{"embeddable":true,"href":"https:\/\/www.gazophylacium.org\/index.php?rest_route=%2Fwp%2Fv2%2Fcomments&post=2072"}],"version-history":[{"count":3,"href":"https:\/\/www.gazophylacium.org\/index.php?rest_route=\/wp\/v2\/pages\/2072\/revisions"}],"predecessor-version":[{"id":2090,"href":"https:\/\/www.gazophylacium.org\/index.php?rest_route=\/wp\/v2\/pages\/2072\/revisions\/2090"}],"wp:attachment":[{"href":"https:\/\/www.gazophylacium.org\/index.php?rest_route=%2Fwp%2Fv2%2Fmedia&parent=2072"}],"curies":[{"name":"wp","href":"https:\/\/api.w.org\/{rel}","templated":true}]}}