{"id":2047,"date":"2019-03-05T14:42:53","date_gmt":"2019-03-05T14:42:53","guid":{"rendered":"http:\/\/www.gazophylacium.org\/?page_id=2047"},"modified":"2019-07-06T16:43:44","modified_gmt":"2019-07-06T16:43:44","slug":"ende-der-tour-reloaded","status":"publish","type":"page","link":"https:\/\/www.gazophylacium.org\/?page_id=2047","title":{"rendered":"Last Act in Hartberg"},"content":{"rendered":"<p>Seit Herbst 2016 ist eine HTL-Band auf einem &#8222;Reli-on-tour &#8211; Reloaded&#8220; Projekt<br \/>\nin der Steiermark unterwegs<br \/>\nNachdem wir im Mai 2018 <a href=\"https:\/\/www.kleinezeitung.at\/steiermark\/weiz\/5431391\/Steirer-des-Tages_Schueler-und-Lehrer-die-durch-Kirchen-touren\">&#8222;Steirer des Tages&#8220; <\/a>waren, wir dieses Projekt am 3. M\u00e4rz 2019 zu einem kr\u00f6nenden Abschluss gebracht<br \/>\nDie Sch\u00fcler-Lehrer*innenband gestalteten am Faschingssontag (3.3.) um 10 Uhr den<br \/>\nGottesdienst in der Pfarrkirche Hartberg mit.<br \/>\nZum Nachsehen und Nachh\u00f6ren <a href=\"https:\/\/youtu.be\/HDObduimppw\">hier &gt;&gt;<\/a><\/p>\n","protected":false},"excerpt":{"rendered":"<p>Seit Herbst 2016 ist eine HTL-Band auf einem &#8222;Reli-on-tour &#8211; Reloaded&#8220; Projekt in der Steiermark unterwegs Nachdem wir im Mai 2018 &#8222;Steirer des Tages&#8220; waren, wir dieses Projekt am 3. M\u00e4rz 2019 zu einem kr\u00f6nenden Abschluss gebracht Die Sch\u00fcler-Lehrer*innenband gestalteten &hellip; <a href=\"https:\/\/www.gazophylacium.org\/?page_id=2047\">Weiterlesen <span class=\"meta-nav\">&rarr;<\/span><\/a><\/p>\n","protected":false},"author":1,"featured_media":0,"parent":1383,"menu_order":0,"comment_status":"closed","ping_status":"closed","template":"","meta":{"footnotes":""},"class_list":["post-2047","page","type-page","status-publish","hentry"],"_links":{"self":[{"href":"https:\/\/www.gazophylacium.org\/index.php?rest_route=\/wp\/v2\/pages\/2047","targetHints":{"allow":["GET"]}}],"collection":[{"href":"https:\/\/www.gazophylacium.org\/index.php?rest_route=\/wp\/v2\/pages"}],"about":[{"href":"https:\/\/www.gazophylacium.org\/index.php?rest_route=\/wp\/v2\/types\/page"}],"author":[{"embeddable":true,"href":"https:\/\/www.gazophylacium.org\/index.php?rest_route=\/wp\/v2\/users\/1"}],"replies":[{"embeddable":true,"href":"https:\/\/www.gazophylacium.org\/index.php?rest_route=%2Fwp%2Fv2%2Fcomments&post=2047"}],"version-history":[{"count":2,"href":"https:\/\/www.gazophylacium.org\/index.php?rest_route=\/wp\/v2\/pages\/2047\/revisions"}],"predecessor-version":[{"id":2081,"href":"https:\/\/www.gazophylacium.org\/index.php?rest_route=\/wp\/v2\/pages\/2047\/revisions\/2081"}],"up":[{"embeddable":true,"href":"https:\/\/www.gazophylacium.org\/index.php?rest_route=\/wp\/v2\/pages\/1383"}],"wp:attachment":[{"href":"https:\/\/www.gazophylacium.org\/index.php?rest_route=%2Fwp%2Fv2%2Fmedia&parent=2047"}],"curies":[{"name":"wp","href":"https:\/\/api.w.org\/{rel}","templated":true}]}}