{"id":2014,"date":"2018-11-21T14:56:06","date_gmt":"2018-11-21T14:56:06","guid":{"rendered":"http:\/\/www.gazophylacium.org\/?page_id=2014"},"modified":"2018-12-18T10:57:37","modified_gmt":"2018-12-18T10:57:37","slug":"adventkalender-2018","status":"publish","type":"page","link":"https:\/\/www.gazophylacium.org\/?page_id=2014","title":{"rendered":"Adventkalender 2018"},"content":{"rendered":"<p>Ab 2. Dezember 2018 wird im Bundesschulzentrum ein von der HTL gestalteter Adventkalender in der AULA pr\u00e4sentiert. Er orientiert sich an der Arbeitshilfe zum <a href=\"https:\/\/www.katholische-kirche-steiermark.at\/specials\/zukunftsbild#.XAZMFOKyuid\">Zukunfstbild <\/a>der Di\u00f6zese Graz Seckau. Hier kannst du online dabei sein.<br \/>\nWir dokumentieren hier die Gesamtansicht in den Wochen des Advent.<\/p>\n<table>\n<tbody>\n<tr>\n<td>1. Woche<a href=\"https:\/\/www.gazophylacium.org\/wp-content\/uploads\/2018\/11\/Adventkalender01_2018.jpg\"><img loading=\"lazy\" decoding=\"async\" class=\"aligncenter size-large wp-image-2028\" src=\"https:\/\/www.gazophylacium.org\/wp-content\/uploads\/2018\/11\/Adventkalender01_2018-1024x768.jpg\" alt=\"\" width=\"640\" height=\"480\" srcset=\"https:\/\/www.gazophylacium.org\/wp-content\/uploads\/2018\/11\/Adventkalender01_2018-1024x768.jpg 1024w, https:\/\/www.gazophylacium.org\/wp-content\/uploads\/2018\/11\/Adventkalender01_2018-300x225.jpg 300w, https:\/\/www.gazophylacium.org\/wp-content\/uploads\/2018\/11\/Adventkalender01_2018-768x576.jpg 768w, https:\/\/www.gazophylacium.org\/wp-content\/uploads\/2018\/11\/Adventkalender01_2018-160x120.jpg 160w, https:\/\/www.gazophylacium.org\/wp-content\/uploads\/2018\/11\/Adventkalender01_2018.jpg 2016w\" sizes=\"auto, (max-width: 640px) 100vw, 640px\" \/><\/a><\/td>\n<\/tr>\n<tr>\n<td>2. Woche<a href=\"https:\/\/www.gazophylacium.org\/wp-content\/uploads\/2018\/11\/Adventkalender_03.jpg\"><img loading=\"lazy\" decoding=\"async\" class=\"aligncenter size-large wp-image-2034\" src=\"https:\/\/www.gazophylacium.org\/wp-content\/uploads\/2018\/11\/Adventkalender_03-1024x768.jpg\" alt=\"\" width=\"640\" height=\"480\" srcset=\"https:\/\/www.gazophylacium.org\/wp-content\/uploads\/2018\/11\/Adventkalender_03-1024x768.jpg 1024w, https:\/\/www.gazophylacium.org\/wp-content\/uploads\/2018\/11\/Adventkalender_03-300x225.jpg 300w, https:\/\/www.gazophylacium.org\/wp-content\/uploads\/2018\/11\/Adventkalender_03-768x576.jpg 768w, https:\/\/www.gazophylacium.org\/wp-content\/uploads\/2018\/11\/Adventkalender_03-160x120.jpg 160w, https:\/\/www.gazophylacium.org\/wp-content\/uploads\/2018\/11\/Adventkalender_03.jpg 2016w\" sizes=\"auto, (max-width: 640px) 100vw, 640px\" \/><\/a><\/td>\n<\/tr>\n<tr>\n<td>3. Woche<\/td>\n<\/tr>\n<tr>\n<td><strong>Musiksessions<\/strong> jeweils mittwochs von 9:20 &#8211; 9:45<\/p>\n<p>5.12.<a href=\"https:\/\/www.gazophylacium.org\/wp-content\/uploads\/2018\/11\/Musiksession_Advent_2018-2.jpg\"><img loading=\"lazy\" decoding=\"async\" class=\"aligncenter size-large wp-image-2030\" src=\"https:\/\/www.gazophylacium.org\/wp-content\/uploads\/2018\/11\/Musiksession_Advent_2018-2-1024x768.jpg\" alt=\"\" width=\"640\" height=\"480\" srcset=\"https:\/\/www.gazophylacium.org\/wp-content\/uploads\/2018\/11\/Musiksession_Advent_2018-2-1024x768.jpg 1024w, https:\/\/www.gazophylacium.org\/wp-content\/uploads\/2018\/11\/Musiksession_Advent_2018-2-300x225.jpg 300w, https:\/\/www.gazophylacium.org\/wp-content\/uploads\/2018\/11\/Musiksession_Advent_2018-2-768x576.jpg 768w, https:\/\/www.gazophylacium.org\/wp-content\/uploads\/2018\/11\/Musiksession_Advent_2018-2-160x120.jpg 160w, https:\/\/www.gazophylacium.org\/wp-content\/uploads\/2018\/11\/Musiksession_Advent_2018-2.jpg 1440w\" sizes=\"auto, (max-width: 640px) 100vw, 640px\" \/><\/a> <a href=\"https:\/\/www.gazophylacium.org\/wp-content\/uploads\/2018\/11\/Musiksession_Advent_2018-1.jpg\"><img loading=\"lazy\" decoding=\"async\" class=\"aligncenter size-large wp-image-2031\" src=\"https:\/\/www.gazophylacium.org\/wp-content\/uploads\/2018\/11\/Musiksession_Advent_2018-1-1024x768.jpg\" alt=\"\" width=\"640\" height=\"480\" srcset=\"https:\/\/www.gazophylacium.org\/wp-content\/uploads\/2018\/11\/Musiksession_Advent_2018-1-1024x768.jpg 1024w, https:\/\/www.gazophylacium.org\/wp-content\/uploads\/2018\/11\/Musiksession_Advent_2018-1-300x225.jpg 300w, https:\/\/www.gazophylacium.org\/wp-content\/uploads\/2018\/11\/Musiksession_Advent_2018-1-768x576.jpg 768w, https:\/\/www.gazophylacium.org\/wp-content\/uploads\/2018\/11\/Musiksession_Advent_2018-1-160x120.jpg 160w, https:\/\/www.gazophylacium.org\/wp-content\/uploads\/2018\/11\/Musiksession_Advent_2018-1.jpg 1440w\" sizes=\"auto, (max-width: 640px) 100vw, 640px\" \/><\/a><\/p>\n<p>Weil wir bei der 1. Session auch Geld gespendet bekamen, haben wir uns dazu entschlossen damit \u00fcber die Craitasaktion &#8222;Sinnvoll schenken&#8220; einen (vielleicht auch mehrere) Esel f\u00fcr Menschen in \u00c4thiopien zu spenden. Hier gibt es mehr \u00fcber dieses Projekt zu erfahren <a href=\"https:\/\/shop.caritas.at\/catalog\/product\/view\/id\/81\/s\/esel-fuer-den-fortschritt\/\">&gt;&gt;&gt;&gt;<\/a><\/p>\n<p>12.12.<br \/>\nDie Spenden reichen schon f\u00fcr einen Esel. Vielleicht geht sich auch noch eine Ziege f\u00fcr Burundi aus. Mal schaun.<\/p>\n<p>Am 19.12.<br \/>\nstartet die 3. Session im Advent. Auch Sch\u00fcler der HTL musizieren als Special-Guests.<\/p>\n<p>Am Fr 21. Dez findet au\u00dferdem zw. 8.30 und 11.25 Uhr wieder das &#8222;X-Mas Chill-in&#8220; in der Bibliothek statt.\u00a0 <a href=\"https:\/\/www.gazophylacium.org\/wp-content\/uploads\/2018\/11\/Xmas-Chill-in_2018.pdf\">Xmas-Chill-in_2018<\/a><\/td>\n<\/tr>\n<\/tbody>\n<\/table>\n<h5><em>Die Grafiken bzw. Texte sind der &#8222;Arbeitshilfe zum Zukunftsbild&#8220; entnommen.<\/em><br \/>\n<em>Herausgeber: Bisch\u00f6fliches Pastoralamt der Di\u00f6zese Graz-Seckau. F\u00fcr den Inhalt verantwortlich: Stefanie Schwarzl-Ranz und Anton Tauschmann. Unter Mitarbeit von Elisabeth Fritzl, Antonia Schmidinger, Hans Schrei und Karl Veitschegger. Illustrationen: Ivan Raijic. Layout: Franz Pietro\/DigiCorner. Druck: Dorrong. Graz, August 2018<br \/>\nFotos: Robert Pretterhofer, Anton Strahlhofer<br \/>\n<\/em><\/h5>\n<p>&nbsp;<\/p>\n","protected":false},"excerpt":{"rendered":"<p>Ab 2. Dezember 2018 wird im Bundesschulzentrum ein von der HTL gestalteter Adventkalender in der AULA pr\u00e4sentiert. Er orientiert sich an der Arbeitshilfe zum Zukunfstbild der Di\u00f6zese Graz Seckau. Hier kannst du online dabei sein. Wir dokumentieren hier die Gesamtansicht &hellip; <a href=\"https:\/\/www.gazophylacium.org\/?page_id=2014\">Weiterlesen <span class=\"meta-nav\">&rarr;<\/span><\/a><\/p>\n","protected":false},"author":1,"featured_media":0,"parent":860,"menu_order":0,"comment_status":"closed","ping_status":"closed","template":"","meta":{"footnotes":""},"class_list":["post-2014","page","type-page","status-publish","hentry"],"_links":{"self":[{"href":"https:\/\/www.gazophylacium.org\/index.php?rest_route=\/wp\/v2\/pages\/2014","targetHints":{"allow":["GET"]}}],"collection":[{"href":"https:\/\/www.gazophylacium.org\/index.php?rest_route=\/wp\/v2\/pages"}],"about":[{"href":"https:\/\/www.gazophylacium.org\/index.php?rest_route=\/wp\/v2\/types\/page"}],"author":[{"embeddable":true,"href":"https:\/\/www.gazophylacium.org\/index.php?rest_route=\/wp\/v2\/users\/1"}],"replies":[{"embeddable":true,"href":"https:\/\/www.gazophylacium.org\/index.php?rest_route=%2Fwp%2Fv2%2Fcomments&post=2014"}],"version-history":[{"count":9,"href":"https:\/\/www.gazophylacium.org\/index.php?rest_route=\/wp\/v2\/pages\/2014\/revisions"}],"predecessor-version":[{"id":2037,"href":"https:\/\/www.gazophylacium.org\/index.php?rest_route=\/wp\/v2\/pages\/2014\/revisions\/2037"}],"up":[{"embeddable":true,"href":"https:\/\/www.gazophylacium.org\/index.php?rest_route=\/wp\/v2\/pages\/860"}],"wp:attachment":[{"href":"https:\/\/www.gazophylacium.org\/index.php?rest_route=%2Fwp%2Fv2%2Fmedia&parent=2014"}],"curies":[{"name":"wp","href":"https:\/\/api.w.org\/{rel}","templated":true}]}}