{"id":1999,"date":"2018-07-04T17:48:19","date_gmt":"2018-07-04T17:48:19","guid":{"rendered":"http:\/\/www.gazophylacium.org\/?page_id=1999"},"modified":"2018-07-04T19:26:03","modified_gmt":"2018-07-04T19:26:03","slug":"abschlussgottesdienst-2017","status":"publish","type":"page","link":"https:\/\/www.gazophylacium.org\/?page_id=1999","title":{"rendered":"Abschlussgottesdienst 2017"},"content":{"rendered":"<h2 style=\"text-align: center;\">Was bedeutet es &#8211; Gottesdienst zu feiern?<\/h2>\n<p>5 Plakate (A0) sind an der Wand (Ger\u00fcst) montiert:<\/p>\n<p>1 das Wort FEIERN<br \/>\n2 das Wort DANKEN<br \/>\n3 das Wort BITTEN<br \/>\n4 ein Bild mit einem Brotleib<br \/>\n5 in der Mitte eine ChristusIKONE<\/p>\n<p><strong>F E I E R N<\/strong><\/p>\n<p>Lied. Hey liaba Gott<\/p>\n<p>Er\u00f6ffnung: Priester<\/p>\n<p>Gebet: Es gibt einen Glauben<\/p>\n<p>Es gibt einen<br \/>\nder Dich erschaffen hat,<br \/>\nDir Verstand gab,<br \/>\nAugen, zu schauen,<br \/>\nOhren, zu h\u00f6ren,<br \/>\neine Nase, zu riechen,<br \/>\neinen Mund,\u00a0 zu sprechen<br \/>\nund zu schmecken,<br \/>\nGef\u00fchle, zu empfinden,<br \/>\neinen freien Willen, zu handeln,<br \/>\nder Dir also alles gab,<br \/>\nwas zum Leben notwendig ist<br \/>\nund will, dass Du lebst,<br \/>\nund gl\u00fccklich wirst.<br \/>\nSei also ohne Sorge!<br \/>\nEs gibt einen,<br \/>\nder Dich f\u00fcr<br \/>\nunverwechselbar h\u00e4lt<br \/>\nund es Dich sp\u00fcren l\u00e4\u00dft,<br \/>\nwenn Du gehst<br \/>\nund wenn Du ankommst.<br \/>\nEs gibt einen,<br \/>\nder Dich h\u00e4lt<br \/>\nvon Kopf bis Fu\u00df<br \/>\nmit all Deiner Sehnsucht,<br \/>\nmit all Deinen Geschichten.<br \/>\nEs gibt einen,<br \/>\nder DU zu Dir sagt,<br \/>\neinmalig DU.<br \/>\nEr hat Dich bei Deinen Namen gerufen<br \/>\nund ihn in seine Hand geschrieben!<br \/>\nEs gibt einen,<br \/>\nauch in der \u00a0Ewigkeit,<br \/>\nder Dich in seine Arme schlie\u00dft,<br \/>\nder Dich an sein Herz dr\u00fcckt<br \/>\nund alle Deine Wunden heilt.<br \/>\n\u00a9 Heinz Pangels, 5.Mai 2008<\/p>\n<p>Lied: Afganisches Liebeslied<\/p>\n<p><strong>D A N K E N<\/strong><\/p>\n<p>Bibelstelle ??<\/p>\n<p>Predigt<\/p>\n<p>Lied: Halleluja (Cohen)<\/p>\n<p><strong>B I T T E N<\/strong><\/p>\n<p>F\u00fcrbitten:<\/p>\n<ul>\n<li>Heute beten und bitten wir f\u00fcr die Hochm\u00fctigen und f\u00fcr alles was in uns hochm\u00fctig ist und uns hochm\u00fctig macht<\/li>\n<li>Heute bitten und beten wir f\u00fcr die am Leben Erm\u00fcdeten und f\u00fcr alles was in uns erm\u00fcdet ist und uns m\u00fcde macht<\/li>\n<li>Heute beten und bitten wir f\u00fcr die Gewaltt\u00e4tigen und f\u00fcr alles was in uns gewaltt\u00e4tig\u00a0 ist und uns gewaltt\u00e4tig macht<\/li>\n<li>Heute beten und bitten wir f\u00fcr die Lieblosen und f\u00fcr alles was in uns lieblos ist und uns lieblos macht<\/li>\n<\/ul>\n<p>Lied: Schwarz oder wei\u00df<\/p>\n<p><strong>B R O T<\/strong><\/p>\n<p>Wort zum Brot-Werden<\/p>\n<p>Lied: <a href=\"https:\/\/www.youtube.com\/watch?v=dl8ZBuY_cEo\">Brotsong <\/a>(Krieg &amp; Hunger) von Thomas Schachner<\/p>\n<p>Vater unser<\/p>\n<p>Segensgebet<\/p>\n<p>Lied: Schools out<\/p>\n","protected":false},"excerpt":{"rendered":"<p>Was bedeutet es &#8211; Gottesdienst zu feiern? 5 Plakate (A0) sind an der Wand (Ger\u00fcst) montiert: 1 das Wort FEIERN 2 das Wort DANKEN 3 das Wort BITTEN 4 ein Bild mit einem Brotleib 5 in der Mitte eine ChristusIKONE &hellip; <a href=\"https:\/\/www.gazophylacium.org\/?page_id=1999\">Weiterlesen <span class=\"meta-nav\">&rarr;<\/span><\/a><\/p>\n","protected":false},"author":1,"featured_media":0,"parent":1254,"menu_order":0,"comment_status":"closed","ping_status":"closed","template":"","meta":{"footnotes":""},"class_list":["post-1999","page","type-page","status-publish","hentry"],"_links":{"self":[{"href":"https:\/\/www.gazophylacium.org\/index.php?rest_route=\/wp\/v2\/pages\/1999","targetHints":{"allow":["GET"]}}],"collection":[{"href":"https:\/\/www.gazophylacium.org\/index.php?rest_route=\/wp\/v2\/pages"}],"about":[{"href":"https:\/\/www.gazophylacium.org\/index.php?rest_route=\/wp\/v2\/types\/page"}],"author":[{"embeddable":true,"href":"https:\/\/www.gazophylacium.org\/index.php?rest_route=\/wp\/v2\/users\/1"}],"replies":[{"embeddable":true,"href":"https:\/\/www.gazophylacium.org\/index.php?rest_route=%2Fwp%2Fv2%2Fcomments&post=1999"}],"version-history":[{"count":3,"href":"https:\/\/www.gazophylacium.org\/index.php?rest_route=\/wp\/v2\/pages\/1999\/revisions"}],"predecessor-version":[{"id":2010,"href":"https:\/\/www.gazophylacium.org\/index.php?rest_route=\/wp\/v2\/pages\/1999\/revisions\/2010"}],"up":[{"embeddable":true,"href":"https:\/\/www.gazophylacium.org\/index.php?rest_route=\/wp\/v2\/pages\/1254"}],"wp:attachment":[{"href":"https:\/\/www.gazophylacium.org\/index.php?rest_route=%2Fwp%2Fv2%2Fmedia&parent=1999"}],"curies":[{"name":"wp","href":"https:\/\/api.w.org\/{rel}","templated":true}]}}