{"id":1875,"date":"2018-02-14T13:29:04","date_gmt":"2018-02-14T13:29:04","guid":{"rendered":"http:\/\/www.gazophylacium.org\/?page_id=1875"},"modified":"2018-05-22T18:55:29","modified_gmt":"2018-05-22T18:55:29","slug":"reloaded-vi-in-weiz","status":"publish","type":"page","link":"https:\/\/www.gazophylacium.org\/?page_id=1875","title":{"rendered":"Reloaded VI + VII in Weiz"},"content":{"rendered":"<p><a href=\"https:\/\/www.gazophylacium.org\/wp-content\/uploads\/2018\/02\/Reli-on-Tour-Weiz_01.jpg\"><img loading=\"lazy\" decoding=\"async\" class=\"aligncenter size-large wp-image-1964\" src=\"https:\/\/www.gazophylacium.org\/wp-content\/uploads\/2018\/02\/Reli-on-Tour-Weiz_01-1024x682.jpg\" alt=\"\" width=\"640\" height=\"426\" srcset=\"https:\/\/www.gazophylacium.org\/wp-content\/uploads\/2018\/02\/Reli-on-Tour-Weiz_01-1024x682.jpg 1024w, https:\/\/www.gazophylacium.org\/wp-content\/uploads\/2018\/02\/Reli-on-Tour-Weiz_01-300x200.jpg 300w, https:\/\/www.gazophylacium.org\/wp-content\/uploads\/2018\/02\/Reli-on-Tour-Weiz_01-768x512.jpg 768w, https:\/\/www.gazophylacium.org\/wp-content\/uploads\/2018\/02\/Reli-on-Tour-Weiz_01-120x80.jpg 120w, https:\/\/www.gazophylacium.org\/wp-content\/uploads\/2018\/02\/Reli-on-Tour-Weiz_01.jpg 1600w\" sizes=\"auto, (max-width: 640px) 100vw, 640px\" \/><\/a>Am 18. Mai 2018 waren wir im Rahmen des Programms &#8222;800 Jahre Di\u00f6zese Graz-Seckau&#8220; auf der B\u00fchne am S\u00fcdtirolerplatz in Weiz gleich zwei Mal zu Gast.<\/p>\n<p><strong>9 Uhr<\/strong> f\u00fcr die Sch\u00fcler_innen der 8. Schulstufe<br \/>\n<strong>12 Uhr<\/strong> f\u00fcr die Sch\u00fcler_innen ab der 9. Schulstufe<\/p>\n<p><a href=\"https:\/\/www.gazophylacium.org\/wp-content\/uploads\/2018\/02\/Reli-on-Tour-Weiz_03.jpg\"><img loading=\"lazy\" decoding=\"async\" class=\"wp-image-1965 alignleft\" src=\"https:\/\/www.gazophylacium.org\/wp-content\/uploads\/2018\/02\/Reli-on-Tour-Weiz_03-682x1024.jpg\" alt=\"\" width=\"317\" height=\"476\" srcset=\"https:\/\/www.gazophylacium.org\/wp-content\/uploads\/2018\/02\/Reli-on-Tour-Weiz_03-682x1024.jpg 682w, https:\/\/www.gazophylacium.org\/wp-content\/uploads\/2018\/02\/Reli-on-Tour-Weiz_03-200x300.jpg 200w, https:\/\/www.gazophylacium.org\/wp-content\/uploads\/2018\/02\/Reli-on-Tour-Weiz_03-768x1153.jpg 768w, https:\/\/www.gazophylacium.org\/wp-content\/uploads\/2018\/02\/Reli-on-Tour-Weiz_03.jpg 1066w\" sizes=\"auto, (max-width: 317px) 100vw, 317px\" \/><\/a><\/p>\n<p>Es wurde jeweils ein Wortgottesdienst mit einem Bibliolog gefeiert. Die Lieder kamen aus der Pop- und Rockmusik. Es sollten das Wort Gottes und die Worte der Welt in Beziehung gesetzt werden. Es feierte Pfarrer Anton Pickl-Herk.<\/p>\n<p>Alle Veranstaltungen auf der B\u00fchne in Weiz <a href=\"http:\/\/www.800-jahre-graz-seckau.at\/kalender\/?va=&amp;or=17&amp;th=&amp;da=\">hier &gt;&gt;&gt;<\/a><\/p>\n<p>&nbsp;<\/p>\n<p>&nbsp;<\/p>\n<p>&nbsp;<\/p>\n<p>&nbsp;<\/p>\n<p>&nbsp;<\/p>\n<p><a href=\"https:\/\/www.gazophylacium.org\/wp-content\/uploads\/2018\/02\/Reli-on-Tour-Weiz_04.jpg\"><img loading=\"lazy\" decoding=\"async\" class=\"aligncenter size-large wp-image-1966\" src=\"https:\/\/www.gazophylacium.org\/wp-content\/uploads\/2018\/02\/Reli-on-Tour-Weiz_04-1024x682.jpg\" alt=\"\" width=\"640\" height=\"426\" srcset=\"https:\/\/www.gazophylacium.org\/wp-content\/uploads\/2018\/02\/Reli-on-Tour-Weiz_04-1024x682.jpg 1024w, https:\/\/www.gazophylacium.org\/wp-content\/uploads\/2018\/02\/Reli-on-Tour-Weiz_04-300x200.jpg 300w, https:\/\/www.gazophylacium.org\/wp-content\/uploads\/2018\/02\/Reli-on-Tour-Weiz_04-768x512.jpg 768w, https:\/\/www.gazophylacium.org\/wp-content\/uploads\/2018\/02\/Reli-on-Tour-Weiz_04-120x80.jpg 120w, https:\/\/www.gazophylacium.org\/wp-content\/uploads\/2018\/02\/Reli-on-Tour-Weiz_04.jpg 1600w\" sizes=\"auto, (max-width: 640px) 100vw, 640px\" \/><\/a><\/p>\n","protected":false},"excerpt":{"rendered":"<p>Am 18. Mai 2018 waren wir im Rahmen des Programms &#8222;800 Jahre Di\u00f6zese Graz-Seckau&#8220; auf der B\u00fchne am S\u00fcdtirolerplatz in Weiz gleich zwei Mal zu Gast. 9 Uhr f\u00fcr die Sch\u00fcler_innen der 8. Schulstufe 12 Uhr f\u00fcr die Sch\u00fcler_innen ab &hellip; <a href=\"https:\/\/www.gazophylacium.org\/?page_id=1875\">Weiterlesen <span class=\"meta-nav\">&rarr;<\/span><\/a><\/p>\n","protected":false},"author":1,"featured_media":0,"parent":1383,"menu_order":0,"comment_status":"closed","ping_status":"closed","template":"","meta":{"footnotes":""},"class_list":["post-1875","page","type-page","status-publish","hentry"],"_links":{"self":[{"href":"https:\/\/www.gazophylacium.org\/index.php?rest_route=\/wp\/v2\/pages\/1875","targetHints":{"allow":["GET"]}}],"collection":[{"href":"https:\/\/www.gazophylacium.org\/index.php?rest_route=\/wp\/v2\/pages"}],"about":[{"href":"https:\/\/www.gazophylacium.org\/index.php?rest_route=\/wp\/v2\/types\/page"}],"author":[{"embeddable":true,"href":"https:\/\/www.gazophylacium.org\/index.php?rest_route=\/wp\/v2\/users\/1"}],"replies":[{"embeddable":true,"href":"https:\/\/www.gazophylacium.org\/index.php?rest_route=%2Fwp%2Fv2%2Fcomments&post=1875"}],"version-history":[{"count":5,"href":"https:\/\/www.gazophylacium.org\/index.php?rest_route=\/wp\/v2\/pages\/1875\/revisions"}],"predecessor-version":[{"id":1969,"href":"https:\/\/www.gazophylacium.org\/index.php?rest_route=\/wp\/v2\/pages\/1875\/revisions\/1969"}],"up":[{"embeddable":true,"href":"https:\/\/www.gazophylacium.org\/index.php?rest_route=\/wp\/v2\/pages\/1383"}],"wp:attachment":[{"href":"https:\/\/www.gazophylacium.org\/index.php?rest_route=%2Fwp%2Fv2%2Fmedia&parent=1875"}],"curies":[{"name":"wp","href":"https:\/\/api.w.org\/{rel}","templated":true}]}}