{"id":1826,"date":"2017-10-29T14:15:35","date_gmt":"2017-10-29T14:15:35","guid":{"rendered":"http:\/\/www.gazophylacium.org\/?page_id=1826"},"modified":"2017-10-29T18:57:53","modified_gmt":"2017-10-29T18:57:53","slug":"menschenrechte","status":"publish","type":"page","link":"https:\/\/www.gazophylacium.org\/?page_id=1826","title":{"rendered":"Menschenrechte"},"content":{"rendered":"<p><span style=\"color: #ff0000;\"><strong>Interessante Internetseiten<\/strong><\/span><\/p>\n<p><a href=\"http:\/\/www.un.org\/depts\/german\/menschenrechte\/aemr.pdf\">Deklaration der MR<\/a><\/p>\n<p><a href=\"https:\/\/www.hrw.org\/\">Human Rights Watch<\/a><\/p>\n<p><a href=\"https:\/\/www.amnesty.at\/de\/menschenrechte\/\">Allgemeine Informationen<\/a> zu den Menschenrechten bei Amnesty International<\/p>\n<p><a href=\"http:\/\/www.verein-menschenrechte.at\/\">Verein Menschenrechte<\/a> in \u00d6sterreich<\/p>\n<p><a href=\"https:\/\/www.menschenrechtserklaerung.de\/gedankenfreiheit-gewissensfreiheit-und-religionsfreiheit-3643\/\">Gedankenfreiheit, Gewissensfreiheit und Religionsfreiheit<\/a><\/p>\n<p><a href=\"http:\/\/www.zeitschriftfuermenschenrechte.de\/open-access\/zfmr_1_2011.pdf\">Menschenrechte und Religion<\/a> (pdf)<\/p>\n<p><a href=\"http:\/\/www.amnesty-religion.de\/\">Religion und Amnesty<\/a> International<\/p>\n<p><span style=\"color: #ff0000;\"><strong>Apps (Android\/ iTunes)<\/strong><\/span><\/p>\n<h4><a href=\"https:\/\/itunes.apple.com\/at\/app\/menschenrechte\/id808772621?mt=8\">Menschenrechte<\/a> <a href=\"https:\/\/itunes.apple.com\/at\/app\/menschenrechte\/id808772621?mt=8\"><img loading=\"lazy\" decoding=\"async\" class=\"wp-image-1827 alignleft\" src=\"https:\/\/www.gazophylacium.org\/wp-content\/uploads\/2017\/10\/App_Menschenrechte.jpg\" alt=\"\" width=\"116\" height=\"206\" srcset=\"https:\/\/www.gazophylacium.org\/wp-content\/uploads\/2017\/10\/App_Menschenrechte.jpg 392w, https:\/\/www.gazophylacium.org\/wp-content\/uploads\/2017\/10\/App_Menschenrechte-169x300.jpg 169w\" sizes=\"auto, (max-width: 116px) 100vw, 116px\" \/><\/a><\/h4>\n<p>Die APP vermittelt Grundkenntnisse und -prinzipien der Menschenrechte.<br \/>\nZiel ist die Sensibilisierung f\u00fcr die Menschenrechte in unserem Berufsalltag wie auch im privaten Umfeld. Anhand von neun Fallbeispielen aus dem Alltag werden Menschenrechte im Einzelnen betrachtet. Die skizzierten und erl\u00e4uterten Beispiele aus der Praxis unterstreichen die Notwendigkeit der Achtung der Menschenrechte.<\/p>\n<h4><a href=\"https:\/\/play.google.com\/store\/apps\/details?id=com.wdl.udhrgermania\">Erkl\u00e4rung der Menschenrechte<\/a><\/h4>\n<p><a href=\"https:\/\/www.gazophylacium.org\/wp-content\/uploads\/2017\/10\/Erkl\u00e4rung-der-MR.png\"><img loading=\"lazy\" decoding=\"async\" class=\"size-full wp-image-1835 alignleft\" src=\"https:\/\/www.gazophylacium.org\/wp-content\/uploads\/2017\/10\/Erkl\u00e4rung-der-MR.png\" alt=\"\" width=\"174\" height=\"310\" srcset=\"https:\/\/www.gazophylacium.org\/wp-content\/uploads\/2017\/10\/Erkl\u00e4rung-der-MR.png 174w, https:\/\/www.gazophylacium.org\/wp-content\/uploads\/2017\/10\/Erkl\u00e4rung-der-MR-168x300.png 168w\" sizes=\"auto, (max-width: 174px) 100vw, 174px\" \/><\/a>Resolution 217 A (III) der Generalversammlung vom 10. Dezember 1948.<br \/>\nAllgemeine Erkl\u00e4rung der Menschenrechte<\/p>\n<p>&nbsp;<\/p>\n<p>&nbsp;<\/p>\n<p>&nbsp;<\/p>\n<p>&nbsp;<\/p>\n<p>&nbsp;<\/p>\n<h4><a href=\"https:\/\/itunes.apple.com\/at\/app\/humanity-recht-auf-menschenrecht\/id1037312324?mt=8\">Humanity<\/a><\/h4>\n<p><a href=\"https:\/\/www.gazophylacium.org\/wp-content\/uploads\/2017\/10\/humanity.jpg\"><img loading=\"lazy\" decoding=\"async\" class=\" wp-image-1836 alignleft\" src=\"https:\/\/www.gazophylacium.org\/wp-content\/uploads\/2017\/10\/humanity.jpg\" alt=\"\" width=\"167\" height=\"296\" srcset=\"https:\/\/www.gazophylacium.org\/wp-content\/uploads\/2017\/10\/humanity.jpg 392w, https:\/\/www.gazophylacium.org\/wp-content\/uploads\/2017\/10\/humanity-169x300.jpg 169w\" sizes=\"auto, (max-width: 167px) 100vw, 167px\" \/><\/a>Mit dieser App kannst du ein #Menschenrecht w\u00e4hlen f\u00fcr das du ein Zeichen f\u00fcr dich und die Welt setzt.<br \/>\nEinfach einen Menschenrechts-Artikel ausw\u00e4hlen, ein Foto von dir und dem Artikel machen und in deinen sozialen Netzwerken teilen. Danke!<\/p>\n<p>&nbsp;<\/p>\n<p>&nbsp;<\/p>\n<p>&nbsp;<\/p>\n<p>&nbsp;<\/p>\n<p><span style=\"color: #ff0000;\"><strong>Interaktiv<\/strong><\/span><\/p>\n<p><a href=\"http:\/\/m.geo.de\/GEOlino\/quiz-ecke\/14091-quiz-wissenstest-menschenrechte\">Quiz <\/a>zu den MR<\/p>\n<p><a href=\"http:\/\/www.bpb.de\/internationales\/weltweit\/menschenrechte\/76943\/quiz-menschenrechte\">Weiteres Quiz<\/a> zu den MR<\/p>\n<p>Verschiedene Quiz auf <a href=\"https:\/\/create.kahoot.it\/\">Kahoot<\/a><\/p>\n","protected":false},"excerpt":{"rendered":"<p>Interessante Internetseiten Deklaration der MR Human Rights Watch Allgemeine Informationen zu den Menschenrechten bei Amnesty International Verein Menschenrechte in \u00d6sterreich Gedankenfreiheit, Gewissensfreiheit und Religionsfreiheit Menschenrechte und Religion (pdf) Religion und Amnesty International Apps (Android\/ iTunes) Menschenrechte Die APP vermittelt Grundkenntnisse &hellip; <a href=\"https:\/\/www.gazophylacium.org\/?page_id=1826\">Weiterlesen <span class=\"meta-nav\">&rarr;<\/span><\/a><\/p>\n","protected":false},"author":1,"featured_media":0,"parent":0,"menu_order":0,"comment_status":"closed","ping_status":"closed","template":"","meta":{"footnotes":""},"class_list":["post-1826","page","type-page","status-publish","hentry"],"_links":{"self":[{"href":"https:\/\/www.gazophylacium.org\/index.php?rest_route=\/wp\/v2\/pages\/1826","targetHints":{"allow":["GET"]}}],"collection":[{"href":"https:\/\/www.gazophylacium.org\/index.php?rest_route=\/wp\/v2\/pages"}],"about":[{"href":"https:\/\/www.gazophylacium.org\/index.php?rest_route=\/wp\/v2\/types\/page"}],"author":[{"embeddable":true,"href":"https:\/\/www.gazophylacium.org\/index.php?rest_route=\/wp\/v2\/users\/1"}],"replies":[{"embeddable":true,"href":"https:\/\/www.gazophylacium.org\/index.php?rest_route=%2Fwp%2Fv2%2Fcomments&post=1826"}],"version-history":[{"count":12,"href":"https:\/\/www.gazophylacium.org\/index.php?rest_route=\/wp\/v2\/pages\/1826\/revisions"}],"predecessor-version":[{"id":1846,"href":"https:\/\/www.gazophylacium.org\/index.php?rest_route=\/wp\/v2\/pages\/1826\/revisions\/1846"}],"wp:attachment":[{"href":"https:\/\/www.gazophylacium.org\/index.php?rest_route=%2Fwp%2Fv2%2Fmedia&parent=1826"}],"curies":[{"name":"wp","href":"https:\/\/api.w.org\/{rel}","templated":true}]}}