{"id":1377,"date":"2016-09-23T13:30:54","date_gmt":"2016-09-23T13:30:54","guid":{"rendered":"http:\/\/www.gazophylacium.org\/?page_id=1377"},"modified":"2016-09-23T13:31:10","modified_gmt":"2016-09-23T13:31:10","slug":"eroeffnungsgottesdienst-2013","status":"publish","type":"page","link":"https:\/\/www.gazophylacium.org\/?page_id=1377","title":{"rendered":"Er\u00f6ffnungsgottesdienst 2013"},"content":{"rendered":"<p>Er\u00f6ffnungsgottesdienst Schuljahr\u00a0 am 11.9.2013<\/p>\n<p><strong>Motto: humorvoller, gelassener Glaube, Torheit<\/strong><\/p>\n<ul>\n<li>Lied: The Name oft The Lord<\/li>\n<li>Einzug Pfarrer Toni Herk-Pickl und Pfarrerin Diemut Stangl (Seitenzug\u00e4nge von links und rechts zur Mitte oder auch von hinten)<\/li>\n<li>Beginn Er\u00f6ffnungsdialog zw. Pfarrer und Pfarrerin \/ Geschichte \u201eDer Mann und der Berg\u201c *\/ Humor (ein Witz)\/ liebevolle Selbstironie<\/li>\n<li>Bibelstelle Senfkorn (gelesen von Eva P\u00f6lzl) Matth\u00e4us 13,31f. oder Lk 13,18f.<\/li>\n<li>Anschluss Er\u00f6ffnungsdialog zw. Pfarrer und Pfarrerin<\/li>\n<li>Lied: Halleluja<\/li>\n<li>Friedensgebet &#8211; F\u00fcrbitten (Josef Klamminger)<\/li>\n<li>Vaterunser (gesungen<\/li>\n<li>Lied: Bitte h\u00f6r nicht auf zu tr\u00e4umen<\/li>\n<li>Schlusssegen Kreuzgang Mitte beim Missionsbild<\/li>\n<\/ul>\n<p>&nbsp;<\/p>\n<p>Gedanken:<\/p>\n<p>Weizberg-HTL-Weiz Ausstellung \u00fcber Mission (1 Tafel k\u00f6nnte im Kreuzungspunkt der Kirche stehen)<\/p>\n<p>Was ist deine Mission in der Welt?<\/p>\n<p>Friedensgebet von P. Franziskus am 7. September<\/p>\n<p>Humor \/ im christlichen Glauben gr\u00fcndende Ironie\/ sp\u00f6ttische Worte der Nachbarn des alten Mannes<\/p>\n<p>Liebe ist mit Humor verbunden<\/p>\n<p>Torheit des Kreuzes\/ Christus mit Eselskopf auf dem Pallatin<\/p>\n<p>im Kleinen kann Gro\u00dfes beginnen (Senfkorn)<\/p>\n<p>Schuld \u2013 ich glaube \u2013 Gelassenheit<\/p>\n<p>Witz \u2013 wohlwollender Blick \u2013 liebevolle Selbstironie<\/p>\n<p>*Vor dem Haus eines alten Mannes ragt ein hoher Berg. Der Berg nimmt ihm das Licht, das er sich zum Leben w\u00fcnscht. Was tut er? Er f\u00e4ngt an, nimmt Hacke, Schaufel und Schubkarre und beginnt, den Berg abzutragen. Die Nachbarn fangen an zu l\u00e4cheln und zu spotten: \u201eJetzt ist er ganz verr\u00fcckt geworden, der Alte!&#8220; Er sagt: \u201eWartet nur, ich werde das schon schaffen, Schaufel f\u00fcr Schaufel, Karre f\u00fcr Karre.\u201c \u201eDas schaffst du doch nie!&#8220;, sagen die Nachbarn. Er darauf: \u201eVielleicht habt ihr Recht. Aber wenn ich es nicht schaffe, dann werden meine S\u00f6hne weitermachen; wenn die es nicht schaffen, deren S\u00f6hne &#8211; irgendwann ist der Berg abgetragen.\u201c Die Legende m\u00fcndet in den Satz: \u201eAls Gott im Himmel dieses Vertrauen sah, da schickte er zwei Engel, die den Berg auf ihren Fl\u00fcgeln davontrugen.&#8216;<\/p>\n","protected":false},"excerpt":{"rendered":"<p>Er\u00f6ffnungsgottesdienst Schuljahr\u00a0 am 11.9.2013 Motto: humorvoller, gelassener Glaube, Torheit Lied: The Name oft The Lord Einzug Pfarrer Toni Herk-Pickl und Pfarrerin Diemut Stangl (Seitenzug\u00e4nge von links und rechts zur Mitte oder auch von hinten) Beginn Er\u00f6ffnungsdialog zw. Pfarrer und Pfarrerin &hellip; <a href=\"https:\/\/www.gazophylacium.org\/?page_id=1377\">Weiterlesen <span class=\"meta-nav\">&rarr;<\/span><\/a><\/p>\n","protected":false},"author":1,"featured_media":0,"parent":1254,"menu_order":4,"comment_status":"closed","ping_status":"closed","template":"","meta":{"footnotes":""},"class_list":["post-1377","page","type-page","status-publish","hentry"],"_links":{"self":[{"href":"https:\/\/www.gazophylacium.org\/index.php?rest_route=\/wp\/v2\/pages\/1377","targetHints":{"allow":["GET"]}}],"collection":[{"href":"https:\/\/www.gazophylacium.org\/index.php?rest_route=\/wp\/v2\/pages"}],"about":[{"href":"https:\/\/www.gazophylacium.org\/index.php?rest_route=\/wp\/v2\/types\/page"}],"author":[{"embeddable":true,"href":"https:\/\/www.gazophylacium.org\/index.php?rest_route=\/wp\/v2\/users\/1"}],"replies":[{"embeddable":true,"href":"https:\/\/www.gazophylacium.org\/index.php?rest_route=%2Fwp%2Fv2%2Fcomments&post=1377"}],"version-history":[{"count":1,"href":"https:\/\/www.gazophylacium.org\/index.php?rest_route=\/wp\/v2\/pages\/1377\/revisions"}],"predecessor-version":[{"id":1378,"href":"https:\/\/www.gazophylacium.org\/index.php?rest_route=\/wp\/v2\/pages\/1377\/revisions\/1378"}],"up":[{"embeddable":true,"href":"https:\/\/www.gazophylacium.org\/index.php?rest_route=\/wp\/v2\/pages\/1254"}],"wp:attachment":[{"href":"https:\/\/www.gazophylacium.org\/index.php?rest_route=%2Fwp%2Fv2%2Fmedia&parent=1377"}],"curies":[{"name":"wp","href":"https:\/\/api.w.org\/{rel}","templated":true}]}}