{"id":1373,"date":"2016-09-23T13:11:46","date_gmt":"2016-09-23T13:11:46","guid":{"rendered":"http:\/\/www.gazophylacium.org\/?page_id=1373"},"modified":"2018-07-04T17:47:21","modified_gmt":"2018-07-04T17:47:21","slug":"eroeffnungsgottesdienst-2016","status":"publish","type":"page","link":"https:\/\/www.gazophylacium.org\/?page_id=1373","title":{"rendered":"Er\u00f6ffnungsgottesdienst 2016"},"content":{"rendered":"<p><strong>Er\u00f6ffnungsgottesdienst 2016 \u2013 Geistiger Klimawandel\/ Entgiftung<\/strong><\/p>\n<p>Begr\u00fc\u00dfung: den Zelebranten, die Musik, die Intention (+ N.N.)<br \/>\nLiturgische Er\u00f6ffnung<br \/>\nLied: Renegades<br \/>\nLesen des deutschen Textes von Renegades (1<br \/>\nKerze f\u00fcr N.N. entz\u00fcnden<br \/>\nEinleitung: Bitte \u2013 Danke- Entschuldige: geistige Entgiftungstrategie nach P. Franziskus<br \/>\nKyrie: Sorry<\/p>\n<ul>\n<li>Sorry<br \/>\nGuter Gott, manchmal bin ich sehr ungeduldig, bin ich zu wenig mutig, gar \u00e4ngstlich.<br \/>\nOft achte ich auf meinen Vorteil und bin zu wenig gro\u00dfz\u00fcgig.<\/li>\n<li>Sorry<br \/>\nGuter Gott, manchmal sind mir die anderen richtig wurscht, ich will meine Ruhe haben, die Umwelt, unsere Sch\u00f6pfung ist mir nicht wichtig genug.<\/li>\n<li>Sorry<br \/>\nGuter Gott, manchmal ist mir das Glauben zu m\u00fchsam, Gott sagt mir nichts, oder ich bin nicht bereit richtig zuzuh\u00f6ren.<br \/>\nSorry<br \/>\nEntschuldige mich.<\/li>\n<\/ul>\n<p>Lied: Astronaut<br \/>\nGebet und\/oder Evangelium Mt 7,12-14. und Ansprache (Hannes)<br \/>\nLied. Halleluja<br \/>\nF\u00fcrbitten<\/p>\n<ul>\n<li>Ich heb ab, es gibt kein vor und zur\u00fcck, nur noch oben und unten.<br \/>\nWir bitten f\u00fcr uns um ein Vor und Zur\u00fcck, ein Oben und Unten &#8211; vor allem aber um ein Miteinander.<\/li>\n<li>Ich heb ab, sind wir eigentlich am Leben um zu lieben, um zu sein?<br \/>\nDarum bitten wir f\u00fcr uns in diesem Schuljahr.<\/li>\n<li>Ich heb ab &#8211; wie ein Astronaut. Ich hab Zeit und Raum verloren.<br \/>\nDass wir in Zeit und Raum der Schule zu uns finden, darum beten und bitten wir.<\/li>\n<li>Im Besonderen bitten wir f\u00fcr unsneren verungl\u00fcckten Sch\u00fcler N.N., f\u00fcr seine Familie, f\u00fcr alle die ihn vermissen und um ihn trauern.<\/li>\n<\/ul>\n<p>Vater unser gesprochen<\/p>\n<p>Lied: Ich h\u00f6r auf mein Herz<\/p>\n<p>Segensgebet und Segen<\/p>\n<p>Es wachse in dir der Mut, sich einzulassen auf dieses Leben<br \/>\nmit all seinen Widerspr\u00fcchen, mit all seiner Unvollkommenheit,<br \/>\ndass du beides schaffst: k\u00e4mpfen und geschehen lassen,<br \/>\nausharren und aufbrechen, nehmen und verzichten.<br \/>\nEs wachse in dir der Mut, dich selbst liebevoll wahrzunehmen,<br \/>\ndamit du dich einlassen kannst auf andere Menschen<br \/>\nund ihnen geben kannst von dem, was du bist und was du hast.<br \/>\nSei gesegnet und mit dir die Menschen, die zu dir geh\u00f6ren.<br \/>\nDazu segne dich heute Gott, der Vater, der Sohn und der Heilige Geist. Amen.<\/p>\n<p>Schlu\u00dflied: Steiermark<\/p>\n<p><strong>1) Deutscher Text von Renegades<br \/>\n<\/strong><\/p>\n<p>Lauf fort mit mir<br \/>\nVerlorene Seelen und Tr\u00e4umerei<br \/>\nLaufen wir, ungez\u00e4hmt und frei<br \/>\nZwei Kinder, du und ich<br \/>\nUnd ich sage<br \/>\nHey, hey, hey, hey<br \/>\nLeben wir wie Abtr\u00fcnnige<br \/>\nHey hey hey<br \/>\nLeben wir wie Abtr\u00fcnnige<br \/>\nLang leben die Pioniere<br \/>\nRebellen und Meuterer<br \/>\nGeh&#8216; vorw\u00e4rts und hab&#8216; keine Angst<br \/>\nKomm&#8216; n\u00e4her, h\u00f6r&#8216; zu!<\/p>\n<p>Seid gegr\u00fc\u00dft, ihr Au\u00dfenseiter<br \/>\nSeid gegr\u00fc\u00dft, ihr Neuen<br \/>\nSeid gegr\u00fc\u00dft, ihr Vogelfreien<br \/>\nSpielbergs und Kubricks<\/p>\n<p>Unsere Zeit ist gekommen zum Handeln<br \/>\nUnsere Zeit ist gekommen f\u00fcr Genugtuung<br \/>\nUnsere Zeit ist gekommen, die Regeln zu brechen<br \/>\nLass uns beginnen&#8230;<\/p>\n<p>Und ich sage<br \/>\nHey, hey, hey, hey<\/p>\n","protected":false},"excerpt":{"rendered":"<p>Er\u00f6ffnungsgottesdienst 2016 \u2013 Geistiger Klimawandel\/ Entgiftung Begr\u00fc\u00dfung: den Zelebranten, die Musik, die Intention (+ N.N.) Liturgische Er\u00f6ffnung Lied: Renegades Lesen des deutschen Textes von Renegades (1 Kerze f\u00fcr N.N. entz\u00fcnden Einleitung: Bitte \u2013 Danke- Entschuldige: geistige Entgiftungstrategie nach P. Franziskus &hellip; <a href=\"https:\/\/www.gazophylacium.org\/?page_id=1373\">Weiterlesen <span class=\"meta-nav\">&rarr;<\/span><\/a><\/p>\n","protected":false},"author":1,"featured_media":0,"parent":1254,"menu_order":11,"comment_status":"closed","ping_status":"closed","template":"","meta":{"footnotes":""},"class_list":["post-1373","page","type-page","status-publish","hentry"],"_links":{"self":[{"href":"https:\/\/www.gazophylacium.org\/index.php?rest_route=\/wp\/v2\/pages\/1373","targetHints":{"allow":["GET"]}}],"collection":[{"href":"https:\/\/www.gazophylacium.org\/index.php?rest_route=\/wp\/v2\/pages"}],"about":[{"href":"https:\/\/www.gazophylacium.org\/index.php?rest_route=\/wp\/v2\/types\/page"}],"author":[{"embeddable":true,"href":"https:\/\/www.gazophylacium.org\/index.php?rest_route=\/wp\/v2\/users\/1"}],"replies":[{"embeddable":true,"href":"https:\/\/www.gazophylacium.org\/index.php?rest_route=%2Fwp%2Fv2%2Fcomments&post=1373"}],"version-history":[{"count":2,"href":"https:\/\/www.gazophylacium.org\/index.php?rest_route=\/wp\/v2\/pages\/1373\/revisions"}],"predecessor-version":[{"id":1998,"href":"https:\/\/www.gazophylacium.org\/index.php?rest_route=\/wp\/v2\/pages\/1373\/revisions\/1998"}],"up":[{"embeddable":true,"href":"https:\/\/www.gazophylacium.org\/index.php?rest_route=\/wp\/v2\/pages\/1254"}],"wp:attachment":[{"href":"https:\/\/www.gazophylacium.org\/index.php?rest_route=%2Fwp%2Fv2%2Fmedia&parent=1373"}],"curies":[{"name":"wp","href":"https:\/\/api.w.org\/{rel}","templated":true}]}}