{"id":1346,"date":"2016-01-31T14:05:33","date_gmt":"2016-01-31T14:05:33","guid":{"rendered":"http:\/\/www.gazophylacium.org\/?page_id=1346"},"modified":"2020-12-01T20:04:06","modified_gmt":"2020-12-01T20:04:06","slug":"adventkaestchen-2015","status":"publish","type":"page","link":"https:\/\/www.gazophylacium.org\/?page_id=1346","title":{"rendered":"Adventk\u00e4stchen 2015"},"content":{"rendered":"<p>Bitte eure Preise f\u00fcr das Nikolausspiel in der 5AHET abholen.<br \/>\nDie Spendensumme von 800.- Euro wird im J\u00e4nner an das Kinderheim \u00fcbergeben.<\/p>\n<p><a href=\"https:\/\/www.stradner.eu\/projects\/nikolaus2015\/\">Nikolausspiel<\/a><\/p>\n<p>&#8212;&#8212;&#8212;&#8212;&#8212;&#8212;&#8212;&#8212;&#8212;&#8212;&#8212;&#8212;<br \/>\nIn der Adventzeit 2015 werden im Bundesschulzentrum in einem <strong>Adventk\u00e4stchen<\/strong><br \/>\nMiniaturen pr\u00e4sentiert. Sie wollen zum Nachdenken anregen.<\/p>\n<p><a href=\"https:\/\/www.gazophylacium.org\/wp-content\/uploads\/2011\/02\/IMG_3991.jpg\"><img loading=\"lazy\" decoding=\"async\" class=\"alignleft wp-image-1300\" src=\"https:\/\/www.gazophylacium.org\/wp-content\/uploads\/2011\/02\/IMG_3991.jpg\" alt=\"IMG_3991\" width=\"115\" height=\"157\" srcset=\"https:\/\/www.gazophylacium.org\/wp-content\/uploads\/2011\/02\/IMG_3991.jpg 512w, https:\/\/www.gazophylacium.org\/wp-content\/uploads\/2011\/02\/IMG_3991-221x300.jpg 221w\" sizes=\"auto, (max-width: 115px) 100vw, 115px\" \/><\/a><\/p>\n<p>Objekte zum Nachsehen <a href=\"https:\/\/www.gazophylacium.org\/?page_id=1286\">hier<\/a><\/p>\n","protected":false},"excerpt":{"rendered":"<p>Bitte eure Preise f\u00fcr das Nikolausspiel in der 5AHET abholen. Die Spendensumme von 800.- Euro wird im J\u00e4nner an das Kinderheim \u00fcbergeben. Nikolausspiel &#8212;&#8212;&#8212;&#8212;&#8212;&#8212;&#8212;&#8212;&#8212;&#8212;&#8212;&#8212; In der Adventzeit 2015 werden im Bundesschulzentrum in einem Adventk\u00e4stchen Miniaturen pr\u00e4sentiert. Sie wollen zum Nachdenken &hellip; <a href=\"https:\/\/www.gazophylacium.org\/?page_id=1346\">Weiterlesen <span class=\"meta-nav\">&rarr;<\/span><\/a><\/p>\n","protected":false},"author":1,"featured_media":0,"parent":758,"menu_order":0,"comment_status":"closed","ping_status":"closed","template":"","meta":{"footnotes":""},"class_list":["post-1346","page","type-page","status-publish","hentry"],"_links":{"self":[{"href":"https:\/\/www.gazophylacium.org\/index.php?rest_route=\/wp\/v2\/pages\/1346","targetHints":{"allow":["GET"]}}],"collection":[{"href":"https:\/\/www.gazophylacium.org\/index.php?rest_route=\/wp\/v2\/pages"}],"about":[{"href":"https:\/\/www.gazophylacium.org\/index.php?rest_route=\/wp\/v2\/types\/page"}],"author":[{"embeddable":true,"href":"https:\/\/www.gazophylacium.org\/index.php?rest_route=\/wp\/v2\/users\/1"}],"replies":[{"embeddable":true,"href":"https:\/\/www.gazophylacium.org\/index.php?rest_route=%2Fwp%2Fv2%2Fcomments&post=1346"}],"version-history":[{"count":2,"href":"https:\/\/www.gazophylacium.org\/index.php?rest_route=\/wp\/v2\/pages\/1346\/revisions"}],"predecessor-version":[{"id":2127,"href":"https:\/\/www.gazophylacium.org\/index.php?rest_route=\/wp\/v2\/pages\/1346\/revisions\/2127"}],"up":[{"embeddable":true,"href":"https:\/\/www.gazophylacium.org\/index.php?rest_route=\/wp\/v2\/pages\/758"}],"wp:attachment":[{"href":"https:\/\/www.gazophylacium.org\/index.php?rest_route=%2Fwp%2Fv2%2Fmedia&parent=1346"}],"curies":[{"name":"wp","href":"https:\/\/api.w.org\/{rel}","templated":true}]}}