{"id":1171,"date":"2014-12-11T17:40:27","date_gmt":"2014-12-11T17:40:27","guid":{"rendered":"http:\/\/www.gazophylacium.org\/?page_id=1171"},"modified":"2014-12-11T17:40:41","modified_gmt":"2014-12-11T17:40:41","slug":"aktion-2014","status":"publish","type":"page","link":"https:\/\/www.gazophylacium.org\/?page_id=1171","title":{"rendered":"Aktion 2014"},"content":{"rendered":"<p>In der Fastenzeit feierte &#8222;Zeltdach Kirche&#8220; sein f\u00fcnfj\u00e4hriges Bestehen. Wieder waren die Tage fast zur G\u00e4nze ausgebucht. Wir wissen, dass einige Leute gedanklich an dieser Aktion teilnehmen und sich innerlich beteiligen.<\/p>\n","protected":false},"excerpt":{"rendered":"<p>In der Fastenzeit feierte &#8222;Zeltdach Kirche&#8220; sein f\u00fcnfj\u00e4hriges Bestehen. Wieder waren die Tage fast zur G\u00e4nze ausgebucht. Wir wissen, dass einige Leute gedanklich an dieser Aktion teilnehmen und sich innerlich beteiligen.<\/p>\n","protected":false},"author":1,"featured_media":0,"parent":17,"menu_order":0,"comment_status":"closed","ping_status":"closed","template":"","meta":{"footnotes":""},"class_list":["post-1171","page","type-page","status-publish","hentry"],"_links":{"self":[{"href":"https:\/\/www.gazophylacium.org\/index.php?rest_route=\/wp\/v2\/pages\/1171","targetHints":{"allow":["GET"]}}],"collection":[{"href":"https:\/\/www.gazophylacium.org\/index.php?rest_route=\/wp\/v2\/pages"}],"about":[{"href":"https:\/\/www.gazophylacium.org\/index.php?rest_route=\/wp\/v2\/types\/page"}],"author":[{"embeddable":true,"href":"https:\/\/www.gazophylacium.org\/index.php?rest_route=\/wp\/v2\/users\/1"}],"replies":[{"embeddable":true,"href":"https:\/\/www.gazophylacium.org\/index.php?rest_route=%2Fwp%2Fv2%2Fcomments&post=1171"}],"version-history":[{"count":1,"href":"https:\/\/www.gazophylacium.org\/index.php?rest_route=\/wp\/v2\/pages\/1171\/revisions"}],"predecessor-version":[{"id":1173,"href":"https:\/\/www.gazophylacium.org\/index.php?rest_route=\/wp\/v2\/pages\/1171\/revisions\/1173"}],"up":[{"embeddable":true,"href":"https:\/\/www.gazophylacium.org\/index.php?rest_route=\/wp\/v2\/pages\/17"}],"wp:attachment":[{"href":"https:\/\/www.gazophylacium.org\/index.php?rest_route=%2Fwp%2Fv2%2Fmedia&parent=1171"}],"curies":[{"name":"wp","href":"https:\/\/api.w.org\/{rel}","templated":true}]}}