{"id":1160,"date":"2014-12-11T17:28:00","date_gmt":"2014-12-11T17:28:00","guid":{"rendered":"http:\/\/www.gazophylacium.org\/?page_id=1160"},"modified":"2014-12-12T15:53:53","modified_gmt":"2014-12-12T15:53:53","slug":"nikolaus-2014","status":"publish","type":"page","link":"https:\/\/www.gazophylacium.org\/?page_id=1160","title":{"rendered":"Nikolausaktion 2014"},"content":{"rendered":"<p>Im Jahr 2014 fiel der Nikolaustag auf einen Samstag, deshalb konnte der Nikolaus nicht pers\u00f6nlich in die Klassen gehen. Drei Sch\u00fcler der 4AHETS programmierten kurzerhand ein <a href=\"https:\/\/www.gazophylacium.org\/wp-content\/uploads\/2014\/12\/Nikolospiel.pdf\">Nikolospiel<\/a>. Unter dem Motto &#8222;Nikolaus goes to Kongo&#8220; erspielten die Sch\u00fclerinnen und Sch\u00fcler 619.- Euro &#8211; eine Summe, die vom Elternverein anstatt der \u00fcblichen S\u00e4ckchen zur Verf\u00fcgung gestellt wurde. Das Geld geht an Sr. Brigitta Raith, die in der DR Kongo verschiedene Projekte betreut. Ein kurzes <a href=\"https:\/\/www.youtube.com\/watch?v=J2casFr3IiQ&amp;feature=youtu.behttp:\/\/\">Video<\/a> gibt einen Einblick in diese Aktion. Am 12.12. konnte ihr die Summe \u00fcbergeben werden.<\/p>\n<p><a href=\"https:\/\/www.gazophylacium.org\/wp-content\/uploads\/2014\/12\/\u00dcberreichung-Brigitta-Raith_Netz.jpg\"><img loading=\"lazy\" decoding=\"async\" class=\"alignleft size-full wp-image-1177\" src=\"https:\/\/www.gazophylacium.org\/wp-content\/uploads\/2014\/12\/\u00dcberreichung-Brigitta-Raith_Netz.jpg\" alt=\"\u00dcberreichung-Brigitta-Raith_Netz\" width=\"500\" height=\"421\" srcset=\"https:\/\/www.gazophylacium.org\/wp-content\/uploads\/2014\/12\/\u00dcberreichung-Brigitta-Raith_Netz.jpg 500w, https:\/\/www.gazophylacium.org\/wp-content\/uploads\/2014\/12\/\u00dcberreichung-Brigitta-Raith_Netz-300x252.jpg 300w\" sizes=\"auto, (max-width: 500px) 100vw, 500px\" \/><\/a><span class=\"easy_img_caption\"><span class=\"easy_img_caption_inner\">1.R.v.l.: Prof. Robert Pretterhofer, Sr. Brigitta Raith, Sylvia Wolf, DI Dir Gottfried Purkarthofer; 2.R.v.l.: Christoph Sochor, Julian Janisch, Michael Stradner (alle 4AHETS), Schulsprecher Rafal Zamiatala (4BHMIU)<\/span><\/span><\/p>\n","protected":false},"excerpt":{"rendered":"<p>Im Jahr 2014 fiel der Nikolaustag auf einen Samstag, deshalb konnte der Nikolaus nicht pers\u00f6nlich in die Klassen gehen. Drei Sch\u00fcler der 4AHETS programmierten kurzerhand ein Nikolospiel. Unter dem Motto &#8222;Nikolaus goes to Kongo&#8220; erspielten die Sch\u00fclerinnen und Sch\u00fcler 619.- &hellip; <a href=\"https:\/\/www.gazophylacium.org\/?page_id=1160\">Weiterlesen <span class=\"meta-nav\">&rarr;<\/span><\/a><\/p>\n","protected":false},"author":1,"featured_media":0,"parent":562,"menu_order":0,"comment_status":"closed","ping_status":"closed","template":"","meta":{"footnotes":""},"class_list":["post-1160","page","type-page","status-publish","hentry"],"_links":{"self":[{"href":"https:\/\/www.gazophylacium.org\/index.php?rest_route=\/wp\/v2\/pages\/1160","targetHints":{"allow":["GET"]}}],"collection":[{"href":"https:\/\/www.gazophylacium.org\/index.php?rest_route=\/wp\/v2\/pages"}],"about":[{"href":"https:\/\/www.gazophylacium.org\/index.php?rest_route=\/wp\/v2\/types\/page"}],"author":[{"embeddable":true,"href":"https:\/\/www.gazophylacium.org\/index.php?rest_route=\/wp\/v2\/users\/1"}],"replies":[{"embeddable":true,"href":"https:\/\/www.gazophylacium.org\/index.php?rest_route=%2Fwp%2Fv2%2Fcomments&post=1160"}],"version-history":[{"count":3,"href":"https:\/\/www.gazophylacium.org\/index.php?rest_route=\/wp\/v2\/pages\/1160\/revisions"}],"predecessor-version":[{"id":1178,"href":"https:\/\/www.gazophylacium.org\/index.php?rest_route=\/wp\/v2\/pages\/1160\/revisions\/1178"}],"up":[{"embeddable":true,"href":"https:\/\/www.gazophylacium.org\/index.php?rest_route=\/wp\/v2\/pages\/562"}],"wp:attachment":[{"href":"https:\/\/www.gazophylacium.org\/index.php?rest_route=%2Fwp%2Fv2%2Fmedia&parent=1160"}],"curies":[{"name":"wp","href":"https:\/\/api.w.org\/{rel}","templated":true}]}}