{"id":1156,"date":"2014-12-11T17:13:16","date_gmt":"2014-12-11T17:13:16","guid":{"rendered":"http:\/\/www.gazophylacium.org\/?page_id=1156"},"modified":"2014-12-11T17:37:17","modified_gmt":"2014-12-11T17:37:17","slug":"ausstellung-imago","status":"publish","type":"page","link":"https:\/\/www.gazophylacium.org\/?page_id=1156","title":{"rendered":"Ausstellung IMAGO"},"content":{"rendered":"<p>Es ist soweit, im BSZ Weiz wird von 23.10. bis 7.11. die Ausstellung &#8222;<a href=\"http:\/\/oixplorer.blogspot.co.at\/2014\/05\/imago-ausstellung-eroffnet.html\">IMAGO<\/a>&#8220; gezeigt.<br \/>\nGanz besonders freuen wir uns, dass am Do 23.10. DI Dr. h.c. Josef Riegler einen Vortrag \u00fcber &#8222;\u00d6kosoziale Marktwirtschaft&#8220; h\u00e4lt und <a href=\"http:\/\/www.1zu1.at\/puppen\/termine-von-frau-morgen-und-herrn-anderswo\">Fr. Morgen und Hr. Anderswo<\/a> im Auditorium sitzen werden. <a href=\"http:\/\/www.meinbezirk.at\/weiz\/kultur\/gemeinsam-in-eine-lebenswerte-zukunft-d1127624.htmlhttp:\/\/\">Fotostrecke<\/a> auf der Seite der Woche.<\/p>\n<p><a href=\"https:\/\/www.gazophylacium.org\/wp-content\/uploads\/2011\/02\/Morgen-und-Anderswo.jpg\"><img loading=\"lazy\" decoding=\"async\" class=\"alignleft  wp-image-1147\" src=\"https:\/\/www.gazophylacium.org\/wp-content\/uploads\/2011\/02\/Morgen-und-Anderswo.jpg\" alt=\"Morgen und Anderswo\" width=\"424\" height=\"284\" srcset=\"https:\/\/www.gazophylacium.org\/wp-content\/uploads\/2011\/02\/Morgen-und-Anderswo.jpg 797w, https:\/\/www.gazophylacium.org\/wp-content\/uploads\/2011\/02\/Morgen-und-Anderswo-300x201.jpg 300w, https:\/\/www.gazophylacium.org\/wp-content\/uploads\/2011\/02\/Morgen-und-Anderswo-120x80.jpg 120w\" sizes=\"auto, (max-width: 424px) 100vw, 424px\" \/><\/a><\/p>\n","protected":false},"excerpt":{"rendered":"<p>Es ist soweit, im BSZ Weiz wird von 23.10. bis 7.11. die Ausstellung &#8222;IMAGO&#8220; gezeigt. Ganz besonders freuen wir uns, dass am Do 23.10. DI Dr. h.c. Josef Riegler einen Vortrag \u00fcber &#8222;\u00d6kosoziale Marktwirtschaft&#8220; h\u00e4lt und Fr. Morgen und Hr. &hellip; <a href=\"https:\/\/www.gazophylacium.org\/?page_id=1156\">Weiterlesen <span class=\"meta-nav\">&rarr;<\/span><\/a><\/p>\n","protected":false},"author":1,"featured_media":0,"parent":860,"menu_order":0,"comment_status":"closed","ping_status":"closed","template":"","meta":{"footnotes":""},"class_list":["post-1156","page","type-page","status-publish","hentry"],"_links":{"self":[{"href":"https:\/\/www.gazophylacium.org\/index.php?rest_route=\/wp\/v2\/pages\/1156","targetHints":{"allow":["GET"]}}],"collection":[{"href":"https:\/\/www.gazophylacium.org\/index.php?rest_route=\/wp\/v2\/pages"}],"about":[{"href":"https:\/\/www.gazophylacium.org\/index.php?rest_route=\/wp\/v2\/types\/page"}],"author":[{"embeddable":true,"href":"https:\/\/www.gazophylacium.org\/index.php?rest_route=\/wp\/v2\/users\/1"}],"replies":[{"embeddable":true,"href":"https:\/\/www.gazophylacium.org\/index.php?rest_route=%2Fwp%2Fv2%2Fcomments&post=1156"}],"version-history":[{"count":2,"href":"https:\/\/www.gazophylacium.org\/index.php?rest_route=\/wp\/v2\/pages\/1156\/revisions"}],"predecessor-version":[{"id":1170,"href":"https:\/\/www.gazophylacium.org\/index.php?rest_route=\/wp\/v2\/pages\/1156\/revisions\/1170"}],"up":[{"embeddable":true,"href":"https:\/\/www.gazophylacium.org\/index.php?rest_route=\/wp\/v2\/pages\/860"}],"wp:attachment":[{"href":"https:\/\/www.gazophylacium.org\/index.php?rest_route=%2Fwp%2Fv2%2Fmedia&parent=1156"}],"curies":[{"name":"wp","href":"https:\/\/api.w.org\/{rel}","templated":true}]}}